{"id":571,"date":"2021-11-02T16:42:13","date_gmt":"2021-11-02T16:42:13","guid":{"rendered":"https:\/\/www.slipsheet.sk\/index.php\/plastove-palety-palety-do-regalu-1200x800\/"},"modified":"2021-11-19T07:36:56","modified_gmt":"2021-11-19T07:36:56","slug":"plastove-palety-palety-do-regalu-1200x800","status":"publish","type":"page","link":"https:\/\/www.slipsheet.sk\/index.php\/plastove-palety-palety-do-regalu-1200x800\/","title":{"rendered":"Plastov\u00e9 palety_palety_do_regalu_1200x800"},"content":{"rendered":"<p>YTo0OntpOjA7YTo0OntzOjU6ImNsYXNzIjtzOjA6IiI7czo1OiJzdHlsZSI7YTozNTp7czoxNjoiYmFja2dyb3VuZF9jb2xvciI7YTo2OntzOjY6ImNvbG9yMSI7czo3OiIjZmZmZmZmIjtzOjEzOiJ0cmFuc3BhcmVuY3kxIjtzOjQ6IjEuMDAiO3M6NToicmdiYTEiO3M6MjI6InJnYmEoMjU1LCAyNTUsIDI1NSwgMSkiO3M6NjoiY29sb3IyIjtzOjA6IiI7czoxMzoidHJhbnNwYXJlbmN5MiI7czoxOiIxIjtzOjU6InJnYmEyIjtzOjA6IiI7fXM6MTg6ImJhY2tncm91bmRfc2V0dGluZyI7czo1OiJpbWFnZSI7czoxNjoiYmFja2dyb3VuZF9pbWFnZSI7YToxMDp7czo4OiJwb3NpdGlvbiI7czo3OiI1MCUgNTAlIjtzOjU6ImltYWdlIjtzOjA6IiI7czo3OiJpbWFnZWlkIjtzOjA6IiI7czo3OiJwYXR0ZXJuIjtzOjA6IiI7czo2OiJ0YWJsZXQiO2E6NDp7czo4OiJwb3NpdGlvbiI7czo3OiI1MCUgNTAlIjtzOjU6ImltYWdlIjtzOjA6IiI7czo3OiJpbWFnZWlkIjtzOjA6IiI7czo0OiJzaXplIjtzOjA6IiI7fXM6NjoibW9iaWxlIjthOjQ6e3M6ODoicG9zaXRpb24iO3M6NzoiNTAlIDUwJSI7czo1OiJpbWFnZSI7czowOiIiO3M6NzoiaW1hZ2VpZCI7czowOiIiO3M6NDoic2l6ZSI7czowOiIiO31zOjEzOiJvdmVybGF5X2NvbG9yIjthOjM6e3M6NToiY29sb3IiO3M6NzoiIzE1OGViZiI7czoxMjoidHJhbnNwYXJlbmN5IjtzOjM6IjAuOCI7czo0OiJyZ2JhIjtzOjIzOiJyZ2JhKDIxLCAxNDIsIDE5MSwgMC44KSI7fXM6NToiZWZlY3QiO3M6MDoiIjtzOjY6InJlcGVhdCI7czo5OiJuby1yZXBlYXQiO3M6NDoic2l6ZSI7czowOiIiO31zOjIwOiJzbGlkZXJfb3ZlcmxheV9jb2xvciI7YTozOntzOjU6ImNvbG9yIjtzOjA6IiI7czoxMjoidHJhbnNwYXJlbmN5IjtzOjM6IjAuNyI7czo0OiJyZ2JhIjtzOjA6IiI7fXM6MTA6InZpZGVvX3R5cGUiO3M6NjoiY3VzdG9tIjtzOjk6InZpZGVvX3VybCI7czowOiIiO3M6MjA6ImJhY2tncm91bmRfdmlkZW9fbXA0IjtzOjA6IiI7czoyMToiYmFja2dyb3VuZF92aWRlb193ZWJtIjtzOjA6IiI7czoyMDoiYmFja2dyb3VuZF92aWRlb19vZ2ciO3M6MDoiIjtzOjExOiJ2aWRlb19pbWFnZSI7YTo1OntzOjg6InBvc2l0aW9uIjtzOjc6IjUwJSA1MCUiO3M6NToiaW1hZ2UiO3M6MDoiIjtzOjc6ImltYWdlaWQiO3M6MDoiIjtzOjU6ImNvdmVyIjtzOjE6IjEiO3M6NDoic2l6ZSI7czowOiIiO31zOjE5OiJ2aWRlb19vdmVybGF5X2NvbG9yIjthOjM6e3M6NToiY29sb3IiO3M6MDoiIjtzOjEyOiJ0cmFuc3BhcmVuY3kiO3M6MzoiMC43IjtzOjQ6InJnYmEiO3M6MDoiIjt9czoxMDoicm93X2hlaWdodCI7czo3OiJkZWZhdWx0IjtzOjEwOiJtaW4taGVpZ2h0IjtzOjA6IiI7czoxMToiYXJyb3dfY29sb3IiO3M6NDoiI2ZmZiI7czoxMzoiY29udGVudF9hbGlnbiI7czozOiJ0b3AiO3M6NDoidGV4dCI7czo2OiJjdXN0b20iO3M6NDoiZm9udCI7YTo0OntzOjExOiJmb250LWZhbWlseSI7czowOiIiO3M6Njoid2VpZ2h0IjtzOjA6IiI7czo5OiJmb250LXNpemUiO3M6MDoiIjtzOjU6ImNvbG9yIjtzOjc6IiNmZmZmZmYiO31zOjEwOiJsaW5rX2NvbG9yIjtzOjc6IiNmZmZmZmYiO3M6NDoidHlwZSI7czo1OiJiYXNpYyI7czoxMToicm93X3BhZGRpbmciO3M6NjoiY3VzdG9tIjtzOjExOiJwYWRkaW5nX3RvcCI7czoyOiI0MCI7czo2OiJ0YWJsZXQiO2E6NDp7czoxMToicGFkZGluZ190b3AiO3M6MDoiIjtzOjE0OiJwYWRkaW5nX2JvdHRvbSI7czowOiIiO3M6MTI6InBhZGRpbmdfbGVmdCI7YToyOntzOjQ6InNpemUiO3M6MDoiIjtzOjQ6InVuaXQiO3M6MjoicHgiO31zOjEzOiJwYWRkaW5nX3JpZ2h0IjthOjI6e3M6NDoic2l6ZSI7czowOiIiO3M6NDoidW5pdCI7czoyOiJweCI7fX1zOjY6Im1vYmlsZSI7YTo0OntzOjExOiJwYWRkaW5nX3RvcCI7czowOiIiO3M6MTQ6InBhZGRpbmdfYm90dG9tIjtzOjA6IiI7czoxMjoicGFkZGluZ19sZWZ0IjthOjI6e3M6NDoic2l6ZSI7czowOiIiO3M6NDoidW5pdCI7czoyOiJweCI7fXM6MTM6InBhZGRpbmdfcmlnaHQiO2E6Mjp7czo0OiJzaXplIjtzOjA6IiI7czo0OiJ1bml0IjtzOjI6InB4Ijt9fXM6MTQ6InBhZGRpbmdfYm90dG9tIjtzOjI6IjMwIjtzOjEyOiJwYWRkaW5nX2xlZnQiO2E6Mjp7czo0OiJzaXplIjtzOjA6IiI7czo0OiJ1bml0IjtzOjI6InB4Ijt9czoxMzoicGFkZGluZ19yaWdodCI7YToyOntzOjQ6InNpemUiO3M6MDoiIjtzOjQ6InVuaXQiO3M6MjoicHgiO31zOjEwOiJib3JkZXItdG9wIjthOjM6e3M6NDoic2l6ZSI7czoxOiIwIjtzOjU6InN0eWxlIjtzOjU6InNvbGlkIjtzOjU6ImNvbG9yIjtzOjA6IiI7fXM6MTM6ImJvcmRlci1ib3R0b20iO2E6Mzp7czo0OiJzaXplIjtzOjE6IjAiO3M6NToic3R5bGUiO3M6NToic29saWQiO3M6NToiY29sb3IiO3M6MDoiIjt9czo5OiJzaGFwZV90b3AiO2E6Njp7czo1OiJzaGFwZSI7czo0OiJ0aWx0IjtzOjQ6ImNvZGUiO3M6OTk6Ijxzdmcgdmlld0JveD0iMCAwIDEwMDAgMTAwIiBwcmVzZXJ2ZUFzcGVjdFJhdGlvPSJub25lIj48cGF0aCBkPSJNMCw2VjBoMTAwMHYxMDBMMCw2eiI+PC9wYXRoPjwvc3ZnPiI7czo0OiJzaXplIjtzOjM6IjEwMCI7czo2OiJ0YWJsZXQiO2E6MTp7czo0OiJzaXplIjtzOjA6IiI7fXM6NjoibW9iaWxlIjthOjE6e3M6NDoic2l6ZSI7czowOiIiO31zOjU6ImNvbG9yIjtzOjA6IiI7fXM6MTI6InNoYXBlX2JvdHRvbSI7YTo2OntzOjU6InNoYXBlIjtzOjQ6InRpbHQiO3M6NDoiY29kZSI7czo5OToiPHN2ZyB2aWV3Qm94PSIwIDAgMTAwMCAxMDAiIHByZXNlcnZlQXNwZWN0UmF0aW89Im5vbmUiPjxwYXRoIGQ9Ik0wLDZWMGgxMDAwdjEwMEwwLDZ6Ij48L3BhdGg+PC9zdmc+IjtzOjQ6InNpemUiO3M6MzoiMTAwIjtzOjY6InRhYmxldCI7YToxOntzOjQ6InNpemUiO3M6MDoiIjt9czo2OiJtb2JpbGUiO2E6MTp7czo0OiJzaXplIjtzOjA6IiI7fXM6NToiY29sb3IiO3M6MDoiIjt9czoxMDoibWFyZ2luX3RvcCI7czowOiIiO3M6MTM6Im1hcmdpbl9ib3R0b20iO3M6MDoiIjtzOjk6ImNzc19jbGFzcyI7czowOiIiO3M6MTA6InJvd19hbmNob3IiO3M6MDoiIjtzOjU6ImRlbGF5IjtzOjA6IiI7fXM6NzoiY29udGVudCI7YToxOntpOjA7YTozOntzOjQ6InR5cGUiO3M6NzoiY29sLW9uZSI7czo1OiJjbGFzcyI7czowOiIiO3M6NzoiY29udGVudCI7YToyOntpOjA7YTozOntzOjQ6InR5cGUiO3M6NToidGl0bGUiO3M6NToic3R5bGUiO2E6OTp7czo0OiJmb250IjthOjk6e3M6OToiZm9udC1zaXplIjtzOjI6IjUwIjtzOjY6InRhYmxldCI7YToxOntzOjk6ImZvbnQtc2l6ZSI7czowOiIiO31zOjY6Im1vYmlsZSI7YToxOntzOjk6ImZvbnQtc2l6ZSI7czowOiIiO31zOjU6ImNvbG9yIjtzOjc6IiM5NDA5MDkiO3M6MTE6ImZvbnQtZmFtaWx5IjtzOjA6IiI7czo2OiJ3ZWlnaHQiO3M6MDoiIjtzOjExOiJsaW5lLWhlaWdodCI7czozOiIxLjIiO3M6MTQ6ImxldHRlci1zcGFjaW5nIjtzOjA6IiI7czoxMToidGV4dC1zaGFkb3ciO3M6NDoibm9uZSI7fXM6NToic3R5bGUiO3M6MToiMiI7czo2OiJib3JkZXIiO2E6Mzp7czo0OiJzaXplIjtzOjE6IjEiO3M6NToic3R5bGUiO3M6NToic29saWQiO3M6NToiY29sb3IiO3M6NzoiI2Q1ZDVkNSI7fXM6MTY6ImJhY2tncm91bmQtY29sb3IiO2E6Mzp7czo2OiJjb2xvcjEiO3M6NzoiI2U4ZThlOCI7czoxMzoidHJhbnNwYXJlbmN5MSI7czoxOiIxIjtzOjU6InJnYmExIjtzOjE5OiJyZ2JhKDIzMiwyMzIsMjMyLDEpIjt9czoxNjoiZGVjb3JhdGlvbi1jb2xvciI7czo3OiIjMTU4ZWJmIjtzOjE4OiJkZWNvcmF0aW9uLXBhZGRpbmciO3M6MDoiIjtzOjU6ImFsaWduIjtzOjY6ImNlbnRlciI7czo3OiJjb250ZW50IjtzOjg5OiI8aDEgc3R5bGU9XCJ0ZXh0LWFsaWduOiBjZW50ZXI7XCI+PHN0cm9uZz5QbGFzdG92JmVhY3V0ZTsgcGFsZXR5IDEyMDB4ODAwbW08L3N0cm9uZz48L2gxPiI7czo0OiJtdzMwIjtzOjE6IjEiO31zOjY6ImNvbmZpZyI7YToxMDp7czoxMDoibWFyZ2luX3RvcCI7czoxOiIwIjtzOjY6InRhYmxldCI7YTozOntzOjEwOiJtYXJnaW5fdG9wIjtzOjA6IiI7czoxMzoibWFyZ2luX2JvdHRvbSI7czowOiIiO3M6OToibWF4X3dpZHRoIjtzOjA6IiI7fXM6NjoibW9iaWxlIjthOjM6e3M6MTA6Im1hcmdpbl90b3AiO3M6MDoiIjtzOjEzOiJtYXJnaW5fYm90dG9tIjtzOjA6IiI7czo5OiJtYXhfd2lkdGgiO3M6MDoiIjt9czoxMzoibWFyZ2luX2JvdHRvbSI7czoxOiI1IjtzOjk6Im1heF93aWR0aCI7czowOiIiO3M6MTM6ImVsZW1lbnRfYWxpZ24iO3M6NjoiY2VudGVyIjtzOjc6ImFuaW1hdGUiO3M6MDoiIjtzOjI6ImlkIjtzOjA6IiI7czo1OiJjbGFzcyI7czowOiIiO3M6NToiZGVsYXkiO3M6MDoiIjt9fWk6MTthOjM6e3M6NDoidHlwZSI7czo0OiJ0ZXh0IjtzOjU6InN0eWxlIjthOjY6e3M6NDoiZm9udCI7YTo3OntzOjk6ImZvbnQtc2l6ZSI7czowOiIiO3M6NjoidGFibGV0IjthOjE6e3M6OToiZm9udC1zaXplIjtzOjA6IiI7fXM6NjoibW9iaWxlIjthOjE6e3M6OToiZm9udC1zaXplIjtzOjA6IiI7fXM6NToiY29sb3IiO3M6NzoiIzk0MDkwOSI7czoxMToiZm9udC1mYW1pbHkiO3M6MDoiIjtzOjY6IndlaWdodCI7czowOiIiO3M6MTE6ImxpbmUtaGVpZ2h0IjtzOjA6IiI7fXM6NToic3R5bGUiO3M6MToiMSI7czoxODoicC1iYWNrZ3JvdW5kLWNvbG9yIjthOjM6e3M6NjoiY29sb3IxIjtzOjc6IiNlOGU4ZTgiO3M6MTM6InRyYW5zcGFyZW5jeTEiO3M6MToiMSI7czo1OiJyZ2JhMSI7czoxOToicmdiYSgyMzIsMjMyLDIzMiwxKSI7fXM6NzoiY29udGVudCI7czo4MDoiPGg0IHN0eWxlPVwidGV4dC1hbGlnbjogY2VudGVyO1wiPjxzdHJvbmc+UGFsZXR5IGRvIHJlZyZhYWN1dGU7bMWvPC9zdHJvbmc+PC9oND4iO3M6MjoibGkiO3M6MDoiIjtzOjQ6Im13MzAiO3M6MToiMSI7fXM6NjoiY29uZmlnIjthOjEwOntzOjEwOiJtYXJnaW5fdG9wIjtzOjA6IiI7czo2OiJ0YWJsZXQiO2E6Mzp7czoxMDoibWFyZ2luX3RvcCI7czowOiIiO3M6MTM6Im1hcmdpbl9ib3R0b20iO3M6MDoiIjtzOjk6Im1heF93aWR0aCI7czowOiIiO31zOjY6Im1vYmlsZSI7YTozOntzOjEwOiJtYXJnaW5fdG9wIjtzOjA6IiI7czoxMzoibWFyZ2luX2JvdHRvbSI7czowOiIiO3M6OToibWF4X3dpZHRoIjtzOjA6IiI7fXM6MTM6Im1hcmdpbl9ib3R0b20iO3M6MDoiIjtzOjk6Im1heF93aWR0aCI7czowOiIiO3M6MTM6ImVsZW1lbnRfYWxpZ24iO3M6NjoiY2VudGVyIjtzOjc6ImFuaW1hdGUiO3M6MDoiIjtzOjI6ImlkIjtzOjA6IiI7czo1OiJjbGFzcyI7czowOiIiO3M6NToiZGVsYXkiO3M6MDoiIjt9fX19fXM6NDoidHlwZSI7czo1OiJiYXNpYyI7fWk6MTthOjQ6e3M6NToiY2xhc3MiO3M6MDoiIjtzOjU6InN0eWxlIjthOjEwOntzOjE2OiJiYWNrZ3JvdW5kX2NvbG9yIjthOjY6e3M6NjoiY29sb3IxIjtzOjQ6IiNmZmYiO3M6NjoiY29sb3IyIjtzOjA6IiI7czoxMzoidHJhbnNwYXJlbmN5MSI7aToxO3M6NToicmdiYTEiO3M6MjI6InJnYmEoMjU1LCAyNTUsIDI1NSwgMSkiO3M6MTM6InRyYW5zcGFyZW5jeTIiO2k6MTtzOjU6InJnYmEyIjtzOjA6IiI7fXM6MTA6ImxpbmtfY29sb3IiO3M6MDoiIjtzOjQ6ImZvbnQiO2E6NDp7czo5OiJmb250LXNpemUiO3M6MDoiIjtzOjExOiJmb250LWZhbWlseSI7czowOiIiO3M6Njoid2VpZ2h0IjtzOjA6IiI7czo1OiJjb2xvciI7czowOiIiO31zOjEwOiJ2aWRlb190eXBlIjtzOjY6ImN1c3RvbSI7czoxMzoiY29udGVudF9hbGlnbiI7czozOiJ0b3AiO3M6MTA6InJvd19oZWlnaHQiO3M6MDoiIjtzOjQ6InRleHQiO3M6NDoiYXV0byI7czoxMToicm93X3BhZGRpbmciO3M6NjoiY3VzdG9tIjtzOjEwOiJtYXJnaW5fdG9wIjtzOjA6IiI7czoxMzoibWFyZ2luX2JvdHRvbSI7czowOiIiO31zOjc6ImNvbnRlbnQiO2E6MTp7aTowO2E6Mzp7czo0OiJ0eXBlIjtzOjc6ImNvbC1vbmUiO3M6NToiY2xhc3MiO3M6MDoiIjtzOjc6ImNvbnRlbnQiO2E6MTp7aTowO2E6Mzp7czo0OiJ0eXBlIjtzOjU6InRpdGxlIjtzOjU6InN0eWxlIjthOjc6e3M6NDoiZm9udCI7YTo2OntzOjk6ImZvbnQtc2l6ZSI7czoyOiIzMCI7czoxMToiZm9udC1mYW1pbHkiO3M6MDoiIjtzOjY6IndlaWdodCI7czowOiIiO3M6MTE6ImxpbmUtaGVpZ2h0IjtzOjM6IjEuMiI7czo1OiJjb2xvciI7czo3OiIjOTQwOTA5IjtzOjExOiJ0ZXh0LXNoYWRvdyI7czo0OiJub25lIjt9czo1OiJzdHlsZSI7czoxOiIxIjtzOjY6ImJvcmRlciI7YToyOntzOjQ6InNpemUiO3M6MToiMSI7czo1OiJjb2xvciI7czo3OiIjZDVkNWQ1Ijt9czoxNjoiYmFja2dyb3VuZC1jb2xvciI7YTozOntzOjY6ImNvbG9yMSI7czo3OiIjZThlOGU4IjtzOjEzOiJ0cmFuc3BhcmVuY3kxIjtzOjE6IjEiO3M6NToicmdiYTEiO3M6MTk6InJnYmEoMjMyLDIzMiwyMzIsMSkiO31zOjU6ImFsaWduIjtzOjY6ImNlbnRlciI7czo0OiJtdzMwIjtzOjE6IjEiO3M6NzoiY29udGVudCI7czoxMzM6IjxwPjxzcGFuIHN0eWxlPVwidGV4dC1kZWNvcmF0aW9uOiB1bmRlcmxpbmU7XCI+UGxhc3RvdiZhYWN1dGU7IHBhbGV0YSAxMjAweDgwMG1tIHBybyByZWcmYWFjdXRlO2xvdiZlYWN1dGU7IHN5c3QmZWFjdXRlO215PC9zcGFuPjwvcD4iO31zOjY6ImNvbmZpZyI7YTo3OntzOjk6Im1heF93aWR0aCI7czowOiIiO3M6MTA6Im1hcmdpbl90b3AiO3M6MToiMCI7czoxMzoibWFyZ2luX2JvdHRvbSI7czoxOiIwIjtzOjU6ImRlbGF5IjtzOjA6IiI7czo3OiJhbmltYXRlIjtzOjA6IiI7czoyOiJpZCI7czowOiIiO3M6NToiY2xhc3MiO3M6MDoiIjt9fX19fXM6NDoidHlwZSI7czo1OiJiYXNpYyI7fWk6MjthOjQ6e3M6NToiY2xhc3MiO3M6MDoiIjtzOjU6InN0eWxlIjthOjEwOntzOjE2OiJiYWNrZ3JvdW5kX2NvbG9yIjthOjY6e3M6NjoiY29sb3IxIjtzOjQ6IiNmZmYiO3M6NjoiY29sb3IyIjtzOjA6IiI7czoxMzoidHJhbnNwYXJlbmN5MSI7aToxO3M6NToicmdiYTEiO3M6MjI6InJnYmEoMjU1LCAyNTUsIDI1NSwgMSkiO3M6MTM6InRyYW5zcGFyZW5jeTIiO2k6MTtzOjU6InJnYmEyIjtzOjA6IiI7fXM6MTA6ImxpbmtfY29sb3IiO3M6MDoiIjtzOjQ6ImZvbnQiO2E6NDp7czo5OiJmb250LXNpemUiO3M6MDoiIjtzOjExOiJmb250LWZhbWlseSI7czowOiIiO3M6Njoid2VpZ2h0IjtzOjA6IiI7czo1OiJjb2xvciI7czowOiIiO31zOjEwOiJ2aWRlb190eXBlIjtzOjY6ImN1c3RvbSI7czoxMzoiY29udGVudF9hbGlnbiI7czozOiJ0b3AiO3M6MTA6InJvd19oZWlnaHQiO3M6MDoiIjtzOjQ6InRleHQiO3M6NDoiYXV0byI7czoxMToicm93X3BhZGRpbmciO3M6NjoiY3VzdG9tIjtzOjEwOiJtYXJnaW5fdG9wIjtzOjA6IiI7czoxMzoibWFyZ2luX2JvdHRvbSI7czowOiIiO31zOjc6ImNvbnRlbnQiO2E6Mjp7aTowO2E6Mzp7czo0OiJ0eXBlIjtzOjc6ImNvbC10d28iO3M6NToiY2xhc3MiO3M6MDoiIjtzOjc6ImNvbnRlbnQiO2E6Mjp7aTowO2E6Mjp7czo0OiJ0eXBlIjtzOjU6ImltYWdlIjtzOjU6InN0eWxlIjthOjE1OntzOjU6ImltYWdlIjthOjI6e3M6NToiaW1hZ2UiO3M6NTE6Ii93cC1jb250ZW50L3VwbG9hZHMvMjAyMS8xMS9zZjgwMHBlcy0wMS00NjF4MjM1LmpwZyI7czo3OiJpbWFnZWlkIjtzOjA6IiI7fXM6MTI6ImNsaWNrX2FjdGlvbiI7czo0OiJub25lIjtzOjU6ImFsZXJ0IjtzOjA6IiI7czo1OiJwb3B1cCI7czowOiIiO3M6NDoibGluayI7YToyOntzOjQ6InBhZ2UiO3M6MDoiIjtzOjQ6ImxpbmsiO3M6MDoiIjt9czoxMToibGFyZ2VfaW1hZ2UiO2E6Mjp7czo1OiJpbWFnZSI7czowOiIiO3M6NzoiaW1hZ2VpZCI7czowOiIiO31zOjU6ImFsaWduIjtzOjY6ImNlbnRlciI7czo5OiJtYXgtd2lkdGgiO3M6MDoiIjtzOjU6ImxhYmVsIjtzOjA6IiI7czo1OiJzdHlsZSI7czoxOiIxIjtzOjQ6Im13MzAiO3M6MToiMSI7czo3OiJjb250ZW50IjtzOjA6IiI7czoxMDoidGh1bWJfbmFtZSI7czowOiIiO3M6MTE6ImhvdmVyX2NvbG9yIjthOjM6e3M6NToiY29sb3IiO3M6NzoiIzAwMDAwMCI7czoxMjoidHJhbnNwYXJlbmN5IjtkOjAuMztzOjQ6InJnYmEiO3M6MTU6InJnYmEoMCwwLDAsMC4zKSI7fXM6OToiaW1nX3N0eWxlIjtzOjE6IjEiO319aToxO2E6Mjp7czo0OiJ0eXBlIjtzOjU6ImltYWdlIjtzOjU6InN0eWxlIjthOjE1OntzOjU6ImltYWdlIjthOjI6e3M6NToiaW1hZ2UiO3M6NTE6Ii93cC1jb250ZW50L3VwbG9hZHMvMjAyMS8xMS9zZjgwMHBlcy0wMi00NjF4MjYzLmpwZyI7czo3OiJpbWFnZWlkIjtzOjA6IiI7fXM6MTI6ImNsaWNrX2FjdGlvbiI7czo0OiJub25lIjtzOjU6ImFsZXJ0IjtzOjA6IiI7czo1OiJwb3B1cCI7czowOiIiO3M6NDoibGluayI7YToyOntzOjQ6InBhZ2UiO3M6MDoiIjtzOjQ6ImxpbmsiO3M6MDoiIjt9czoxMToibGFyZ2VfaW1hZ2UiO2E6Mjp7czo1OiJpbWFnZSI7czowOiIiO3M6NzoiaW1hZ2VpZCI7czowOiIiO31zOjU6ImFsaWduIjtzOjY6ImNlbnRlciI7czo5OiJtYXgtd2lkdGgiO3M6MDoiIjtzOjU6ImxhYmVsIjtzOjA6IiI7czo1OiJzdHlsZSI7czoxOiIxIjtzOjQ6Im13MzAiO3M6MToiMSI7czo3OiJjb250ZW50IjtzOjA6IiI7czoxMDoidGh1bWJfbmFtZSI7czowOiIiO3M6MTE6ImhvdmVyX2NvbG9yIjthOjM6e3M6NToiY29sb3IiO3M6NzoiIzAwMDAwMCI7czoxMjoidHJhbnNwYXJlbmN5IjtkOjAuMztzOjQ6InJnYmEiO3M6MTU6InJnYmEoMCwwLDAsMC4zKSI7fXM6OToiaW1nX3N0eWxlIjtzOjE6IjEiO319fX1pOjE7YTozOntzOjQ6InR5cGUiO3M6NzoiY29sLXR3byI7czo1OiJjbGFzcyI7czowOiIiO3M6NzoiY29udGVudCI7YToxOntpOjA7YToyOntzOjQ6InR5cGUiO3M6NToiaW1hZ2UiO3M6NToic3R5bGUiO2E6MTU6e3M6NToiaW1hZ2UiO2E6Mjp7czo1OiJpbWFnZSI7czo0MzoiL3dwLWNvbnRlbnQvdXBsb2Fkcy8yMDIxLzExL3NmODAwcGVzLTA0LmpwZyI7czo3OiJpbWFnZWlkIjtzOjA6IiI7fXM6MTI6ImNsaWNrX2FjdGlvbiI7czo0OiJub25lIjtzOjU6ImFsZXJ0IjtzOjA6IiI7czo1OiJwb3B1cCI7czowOiIiO3M6NDoibGluayI7YToyOntzOjQ6InBhZ2UiO3M6MDoiIjtzOjQ6ImxpbmsiO3M6MDoiIjt9czoxMToibGFyZ2VfaW1hZ2UiO2E6Mjp7czo1OiJpbWFnZSI7czowOiIiO3M6NzoiaW1hZ2VpZCI7czowOiIiO31zOjU6ImFsaWduIjtzOjY6ImNlbnRlciI7czo5OiJtYXgtd2lkdGgiO3M6MDoiIjtzOjU6ImxhYmVsIjtzOjA6IiI7czo1OiJzdHlsZSI7czoxOiIxIjtzOjQ6Im13MzAiO3M6MToiMSI7czo3OiJjb250ZW50IjtzOjA6IiI7czoxMDoidGh1bWJfbmFtZSI7czowOiIiO3M6MTE6ImhvdmVyX2NvbG9yIjthOjM6e3M6NToiY29sb3IiO3M6NzoiIzAwMDAwMCI7czoxMjoidHJhbnNwYXJlbmN5IjtkOjAuMztzOjQ6InJnYmEiO3M6MTU6InJnYmEoMCwwLDAsMC4zKSI7fXM6OToiaW1nX3N0eWxlIjtzOjE6IjEiO319fX19czo0OiJ0eXBlIjtzOjU6ImJhc2ljIjt9aTozO2E6NDp7czo1OiJjbGFzcyI7czowOiIiO3M6NToic3R5bGUiO2E6MTA6e3M6MTY6ImJhY2tncm91bmRfY29sb3IiO2E6Njp7czo2OiJjb2xvcjEiO3M6NDoiI2ZmZiI7czo2OiJjb2xvcjIiO3M6MDoiIjtzOjEzOiJ0cmFuc3BhcmVuY3kxIjtpOjE7czo1OiJyZ2JhMSI7czoyMjoicmdiYSgyNTUsIDI1NSwgMjU1LCAxKSI7czoxMzoidHJhbnNwYXJlbmN5MiI7aToxO3M6NToicmdiYTIiO3M6MDoiIjt9czoxMDoibGlua19jb2xvciI7czowOiIiO3M6NDoiZm9udCI7YTo0OntzOjk6ImZvbnQtc2l6ZSI7czowOiIiO3M6MTE6ImZvbnQtZmFtaWx5IjtzOjA6IiI7czo2OiJ3ZWlnaHQiO3M6MDoiIjtzOjU6ImNvbG9yIjtzOjA6IiI7fXM6MTA6InZpZGVvX3R5cGUiO3M6NjoiY3VzdG9tIjtzOjEzOiJjb250ZW50X2FsaWduIjtzOjM6InRvcCI7czoxMDoicm93X2hlaWdodCI7czowOiIiO3M6NDoidGV4dCI7czo0OiJhdXRvIjtzOjExOiJyb3dfcGFkZGluZyI7czo2OiJjdXN0b20iO3M6MTA6Im1hcmdpbl90b3AiO3M6MDoiIjtzOjEzOiJtYXJnaW5fYm90dG9tIjtzOjA6IiI7fXM6NzoiY29udGVudCI7YToxOntpOjA7YTozOntzOjQ6InR5cGUiO3M6NzoiY29sLW9uZSI7czo1OiJjbGFzcyI7czowOiIiO3M6NzoiY29udGVudCI7YTo1OntpOjA7YToyOntzOjQ6InR5cGUiO3M6NToidGFibGUiO3M6NToic3R5bGUiO2E6Nzp7czo1OiJsaW5lcyI7YTo1OntpOjA7YToyOntzOjU6InRpdGxlIjtzOjc6IlJvem3Em3IiO3M6NDoidGV4dCI7czoyMDoiMTIwMCB4IDgwMCB4IDE1MCBtbSoiO31pOjE7YToyOntzOjU6InRpdGxlIjtzOjk6Ikhtb3Rub3N0ICI7czo0OiJ0ZXh0IjtzOjk6Im9kIDExIGtnKiI7fWk6MjthOjI6e3M6NToidGl0bGUiO3M6MTg6IkR5bmFtaWNrw6Egbm9zbm9zdCI7czo0OiJ0ZXh0IjtzOjIwOiIxIDAwMCBrZyAtIDIgMDAwIGtnKiI7fWk6MzthOjI6e3M6NToidGl0bGUiO3M6MTc6IlN0YXRpY2vDoSBub3Nub3N0IjtzOjQ6InRleHQiO3M6MjA6IjQgMDAwIGtnIC0gNyA1MDAga2cqIjt9aTo0O2E6Mjp7czo1OiJ0aXRsZSI7czoxODoiUmVnw6Fsb3bDoSBub3Nub3N0IjtzOjQ6InRleHQiO3M6MTg6IjUwMCBrZyAtIDEgMjAwIGtnKiI7fX1zOjU6IndpZHRoIjthOjI6e3M6NDoic2l6ZSI7czoyOiI0MCI7czo0OiJ1bml0IjtzOjE6IiUiO31zOjU6InN0eWxlIjtzOjE6IjIiO3M6NDoiZm9udCI7YToyOntzOjk6ImZvbnQtc2l6ZSI7czowOiIiO3M6NToiY29sb3IiO3M6MDoiIjt9czo0OiJtdzMwIjtzOjE6IjEiO3M6NzoiY29udGVudCI7czowOiIiO3M6MTA6InRleHRfYWxpZ24iO3M6NDoibGVmdCI7fX1pOjE7YToyOntzOjQ6InR5cGUiO3M6NDoidGV4dCI7czo1OiJzdHlsZSI7YTo2OntzOjQ6ImZvbnQiO2E6NTp7czo5OiJmb250LXNpemUiO3M6MDoiIjtzOjExOiJmb250LWZhbWlseSI7czowOiIiO3M6Njoid2VpZ2h0IjtzOjA6IiI7czoxMToibGluZS1oZWlnaHQiO3M6MDoiIjtzOjU6ImNvbG9yIjtzOjA6IiI7fXM6MjoibGkiO3M6MDoiIjtzOjU6InN0eWxlIjtzOjE6IjEiO3M6MTg6InAtYmFja2dyb3VuZC1jb2xvciI7YTozOntzOjY6ImNvbG9yMSI7czo3OiIjZThlOGU4IjtzOjEzOiJ0cmFuc3BhcmVuY3kxIjtzOjE6IjEiO3M6NToicmdiYTEiO3M6MTk6InJnYmEoMjMyLDIzMiwyMzIsMSkiO31zOjQ6Im13MzAiO3M6MToiMSI7czo3OiJjb250ZW50IjtzOjczOiI8cD4qIFJvemQmaWFjdXRlO2xuJmFhY3V0ZTsgaG9kbm90YSwgZGxlIHp2b2xlbiZlYWN1dGU7aG8gdHlwdSBwYWxldHk8L3A+Ijt9fWk6MjthOjM6e3M6NDoidHlwZSI7czo2OiJidXR0b24iO3M6NToic3R5bGUiO2E6MjA6e3M6NzoiY29udGVudCI7czoyNjoiUG9wdMOhdmthIHBsYXN0b3bDqSBwYWxldHkiO3M6Nzoic3VidGV4dCI7czowOiIiO3M6NToiYWxpZ24iO3M6NjoiY2VudGVyIjtzOjQ6InNob3ciO3M6NToicG9wdXAiO3M6NDoibGluayI7YToyOntzOjQ6InBhZ2UiO3M6MDoiIjtzOjQ6ImxpbmsiO3M6MDoiIjt9czo1OiJwb3B1cCI7czozOiI3MjciO3M6MTI6ImJ1dHRvbl9zdHlsZSI7YTo0OntzOjU6InN0eWxlIjtzOjEzOiJjdXN0b21fYnV0dG9uIjtzOjE0OiJjdXN0b21fc2V0dGluZyI7YToxMzp7czo1OiJzdHlsZSI7czoxOiIxIjtzOjE2OiJiYWNrZ3JvdW5kX2NvbG9yIjthOjc6e3M6NjoiY29sb3IxIjtzOjc6IiM5NDA5MDkiO3M6MTM6InRyYW5zcGFyZW5jeTEiO3M6MToiMSI7czo1OiJyZ2JhMSI7czoxODoicmdiYSgxNDgsIDksIDksIDEpIjtzOjY6ImNvbG9yMiI7czo3OiIjOTQwOTA5IjtzOjEzOiJ0cmFuc3BhcmVuY3kyIjtzOjE6IjEiO3M6NToicmdiYTIiO3M6MTg6InJnYmEoMTQ4LCA5LCA5LCAxKSI7czo4OiJncmFkaWVudCI7czoxOiIxIjt9czoxMDoiZm9udC1jb2xvciI7czo3OiIjZmZmZmZmIjtzOjY6ImNvcm5lciI7czoxOiI1IjtzOjE0OiJoZWlnaHRfcGFkZGluZyI7czozOiIwLjQiO3M6MTM6IndpZHRoX3BhZGRpbmciO3M6MzoiMS4yIjtzOjQ6ImZvbnQiO2E6Mjp7czoxMToiZm9udC1mYW1pbHkiO3M6MDoiIjtzOjY6IndlaWdodCI7czowOiIiO31zOjEyOiJib3JkZXItY29sb3IiO3M6MDoiIjtzOjEyOiJib3JkZXJfd2lkdGgiO3M6MDoiIjtzOjEyOiJob3Zlcl9lZmZlY3QiO3M6MDoiIjtzOjExOiJob3Zlcl9jb2xvciI7YTo2OntzOjY6ImNvbG9yMSI7czowOiIiO3M6MTM6InRyYW5zcGFyZW5jeTEiO3M6MToiMSI7czo1OiJyZ2JhMSI7czowOiIiO3M6NjoiY29sb3IyIjtzOjA6IiI7czoxMzoidHJhbnNwYXJlbmN5MiI7czoxOiIxIjtzOjU6InJnYmEyIjtzOjA6IiI7fXM6MTY6ImhvdmVyX2ZvbnRfY29sb3IiO3M6MDoiIjtzOjE4OiJib3JkZXJfaG92ZXItY29sb3IiO3M6MDoiIjt9czoxMToiYnV0dG9uX3NpemUiO3M6NjoiY3VzdG9tIjtzOjExOiJjdXN0b21fc2l6ZSI7czoyOiIyMyI7fXM6NDoiaWNvbiI7YTo0OntzOjQ6Imljb24iO3M6ODoiZG93bmxvYWQiO3M6NDoiY29kZSI7czoxNjk6Ijxzdmcgcm9sZT0iaW1nIj48dXNlIHhsaW5rOmhyZWY9Imh0dHBzOi8vd3d3LnNsaXBzaGVldC5zay93cC1jb250ZW50L3RoZW1lcy9taW93ZWIzL21vZHVsZXMvdmlzdWFsZWRpdG9yL2ltYWdlcy9pY29ucy9mZWF0aGVyL3N5bWJvbC1kZWZzLnN2ZyNpY29uLWRvd25sb2FkIj48L3VzZT48L3N2Zz4iO3M6ODoiaWNvbl9zZXQiO3M6NzoiZmVhdGhlciI7czozOiJ0YWIiO3M6NDoiaWNvbiI7fXM6OToiaWNvbl9zaXplIjtzOjM6IjEuMSI7czoxMDoiaWNvbl9hbGlnbiI7czo0OiJsZWZ0IjtzOjU6InRleHQyIjtzOjE1OiJUZXh0IHRsYcSNw610a2EiO3M6ODoic3VidGV4dDIiO3M6MDoiIjtzOjU6InNob3cyIjtzOjM6InVybCI7czo1OiJsaW5rMiI7YToyOntzOjQ6InBhZ2UiO3M6MDoiIjtzOjQ6ImxpbmsiO3M6MDoiIjt9czo2OiJwb3B1cDIiO3M6MDoiIjtzOjEzOiJidXR0b25fc3R5bGUyIjthOjQ6e3M6NToic3R5bGUiO3M6MTM6ImN1c3RvbV9idXR0b24iO3M6MTQ6ImN1c3RvbV9zZXR0aW5nIjthOjEzOntzOjU6InN0eWxlIjtzOjE6IjEiO3M6MTY6ImJhY2tncm91bmRfY29sb3IiO2E6Nzp7czo2OiJjb2xvcjEiO3M6NzoiI2ZmZGUyMSI7czoxMzoidHJhbnNwYXJlbmN5MSI7czoxOiIxIjtzOjU6InJnYmExIjtzOjIxOiJyZ2JhKDI1NSwgMjIyLCAzMywgMSkiO3M6NjoiY29sb3IyIjtzOjc6IiNmZmNjMDAiO3M6MTM6InRyYW5zcGFyZW5jeTIiO3M6MToiMSI7czo1OiJyZ2JhMiI7czoyMDoicmdiYSgyNTUsIDIwNCwgMCwgMSkiO3M6ODoiZ3JhZGllbnQiO3M6MToiMSI7fXM6MTA6ImZvbnQtY29sb3IiO3M6NzoiIzJiMmIyYiI7czo2OiJjb3JuZXIiO3M6MToiMCI7czoxNDoiaGVpZ2h0X3BhZGRpbmciO3M6MzoiMC41IjtzOjEzOiJ3aWR0aF9wYWRkaW5nIjtzOjM6IjEuMiI7czo0OiJmb250IjthOjI6e3M6MTE6ImZvbnQtZmFtaWx5IjtzOjA6IiI7czo2OiJ3ZWlnaHQiO3M6MDoiIjt9czoxMjoiYm9yZGVyLWNvbG9yIjtzOjA6IiI7czoxMjoiYm9yZGVyX3dpZHRoIjtzOjA6IiI7czoxMjoiaG92ZXJfZWZmZWN0IjtzOjc6ImxpZ2h0ZXIiO3M6MTE6ImhvdmVyX2NvbG9yIjthOjY6e3M6NjoiY29sb3IxIjtzOjA6IiI7czoxMzoidHJhbnNwYXJlbmN5MSI7czoxOiIxIjtzOjU6InJnYmExIjtzOjA6IiI7czo2OiJjb2xvcjIiO3M6MDoiIjtzOjEzOiJ0cmFuc3BhcmVuY3kyIjtzOjE6IjEiO3M6NToicmdiYTIiO3M6MDoiIjt9czoxNjoiaG92ZXJfZm9udF9jb2xvciI7czowOiIiO3M6MTg6ImJvcmRlcl9ob3Zlci1jb2xvciI7czowOiIiO31zOjExOiJidXR0b25fc2l6ZSI7czo2OiJjdXN0b20iO3M6MTE6ImN1c3RvbV9zaXplIjtzOjI6IjMwIjt9czo1OiJpY29uMiI7YTo0OntzOjQ6Imljb24iO3M6ODoiZG93bmxvYWQiO3M6NDoiY29kZSI7czoxNjk6Ijxzdmcgcm9sZT0iaW1nIj48dXNlIHhsaW5rOmhyZWY9Imh0dHBzOi8vd3d3LnNsaXBzaGVldC5zay93cC1jb250ZW50L3RoZW1lcy9taW93ZWIzL21vZHVsZXMvdmlzdWFsZWRpdG9yL2ltYWdlcy9pY29ucy9mZWF0aGVyL3N5bWJvbC1kZWZzLnN2ZyNpY29uLWRvd25sb2FkIj48L3VzZT48L3N2Zz4iO3M6ODoiaWNvbl9zZXQiO3M6NzoiZmVhdGhlciI7czozOiJ0YWIiO3M6NDoiaWNvbiI7fXM6MTA6Imljb25fc2l6ZTIiO3M6MzoiMS4xIjtzOjExOiJpY29uX2FsaWduMiI7czo0OiJsZWZ0IjtzOjQ6Im13MzAiO3M6MToiMSI7fXM6NjoiY29uZmlnIjthOjEwOntzOjEwOiJtYXJnaW5fdG9wIjtzOjA6IiI7czo2OiJ0YWJsZXQiO2E6Mzp7czoxMDoibWFyZ2luX3RvcCI7czowOiIiO3M6MTM6Im1hcmdpbl9ib3R0b20iO3M6MDoiIjtzOjk6Im1heF93aWR0aCI7czowOiIiO31zOjY6Im1vYmlsZSI7YTozOntzOjEwOiJtYXJnaW5fdG9wIjtzOjA6IiI7czoxMzoibWFyZ2luX2JvdHRvbSI7czowOiIiO3M6OToibWF4X3dpZHRoIjtzOjA6IiI7fXM6MTM6Im1hcmdpbl9ib3R0b20iO3M6MDoiIjtzOjk6Im1heF93aWR0aCI7czowOiIiO3M6MTM6ImVsZW1lbnRfYWxpZ24iO3M6NjoiY2VudGVyIjtzOjc6ImFuaW1hdGUiO3M6MDoiIjtzOjI6ImlkIjtzOjA6IiI7czo1OiJjbGFzcyI7czowOiIiO3M6NToiZGVsYXkiO3M6MDoiIjt9fWk6ODthOjI6e3M6NDoidHlwZSI7czo1OiJ0aXRsZSI7czo1OiJzdHlsZSI7YTo3OntzOjQ6ImZvbnQiO2E6Njp7czo5OiJmb250LXNpemUiO3M6MjoiMzAiO3M6MTE6ImZvbnQtZmFtaWx5IjtzOjA6IiI7czo2OiJ3ZWlnaHQiO3M6MDoiIjtzOjExOiJsaW5lLWhlaWdodCI7czozOiIxLjIiO3M6NToiY29sb3IiO3M6MDoiIjtzOjExOiJ0ZXh0LXNoYWRvdyI7czo0OiJub25lIjt9czo1OiJzdHlsZSI7czoxOiIxIjtzOjY6ImJvcmRlciI7YToyOntzOjQ6InNpemUiO3M6MToiMSI7czo1OiJjb2xvciI7czo3OiIjZDVkNWQ1Ijt9czoxNjoiYmFja2dyb3VuZC1jb2xvciI7YTozOntzOjY6ImNvbG9yMSI7czo3OiIjZThlOGU4IjtzOjEzOiJ0cmFuc3BhcmVuY3kxIjtzOjE6IjEiO3M6NToicmdiYTEiO3M6MTk6InJnYmEoMjMyLDIzMiwyMzIsMSkiO31zOjU6ImFsaWduIjtzOjY6ImNlbnRlciI7czo0OiJtdzMwIjtzOjE6IjEiO3M6NzoiY29udGVudCI7czoxOTc6IjxwPjxzcGFuIHN0eWxlPVwiY2FyZXQtY29sb3I6ICM5NDA5MDk7IGNvbG9yOiAjOTQwOTA5OyBmb250LWZhbWlseTogXCdPcGVuIFNhbnNcJzsgZm9udC1zaXplOiAzMHB4OyBmb250LXdlaWdodDogYm9sZDtcIj4xMjAweDgwMG1tIHJlZyZhYWN1dGU7bG92JmVhY3V0ZTsgcGxhc3RvdiZlYWN1dGU7IHBhbGV0eSB2YXJpYW50eTwvc3Bhbj48L3A+Ijt9fWk6OTthOjI6e3M6NDoidHlwZSI7czoxMzoiaW1hZ2VfZ2FsbGVyeSI7czo1OiJzdHlsZSI7YToxMjp7czoxOToiaW1hZ2VfZ2FsbGVyeV9pdGVtcyI7YTo1OntpOjA7czo4NDoiaHR0cHM6Ly93d3cuc2xpcHNoZWV0LnNrL3dwLWNvbnRlbnQvdXBsb2Fkcy8yMDIxLzExL0FudGlzdGF0aWNrw6EtcGFsZXRhLUVTRC1FVVIucG5nIjtpOjE7czo2NzoiaHR0cHM6Ly93d3cuc2xpcHNoZWV0LnNrL3dwLWNvbnRlbnQvdXBsb2Fkcy8yMDIxLzExL3NmODAwcGVzLTAyLmpwZyI7aToyO3M6NTg6Imh0dHBzOi8vd3d3LnNsaXBzaGVldC5zay93cC1jb250ZW50L3VwbG9hZHMvMjAyMS8xMS9yZy5qcGciO2k6MztzOjU5OiJodHRwczovL3d3dy5zbGlwc2hlZXQuc2svd3AtY29udGVudC91cGxvYWRzLzIwMjEvMTEvcmdnLmpwZyI7aTo0O3M6NjA6Imh0dHBzOi8vd3d3LnNsaXBzaGVldC5zay93cC1jb250ZW50L3VwbG9hZHMvMjAyMS8xMS9yZ2dnLmpwZyI7fXM6NDoiY29scyI7czoxOiI0IjtzOjEzOiJnYWxsZXJ5X3N0eWxlIjtzOjEzOiJjYXB0aW9uc19vdmVyIjtzOjEwOiJ0aHVtYl9uYW1lIjtzOjI6IjQzIjtzOjQ6ImZvbnQiO2E6Mzp7czo4OiJ1c2UtZm9udCI7czo0OiJ0ZXh0IjtzOjk6ImZvbnQtc2l6ZSI7czoyOiIxNiI7czo1OiJhbGlnbiI7czo2OiJjZW50ZXIiO31zOjk6ImFuaW1hdGlvbiI7czo0OiJmYWRlIjtzOjU6ImRlbGF5IjtzOjQ6IjM1MDAiO3M6NToic3BlZWQiO3M6NDoiMTAwMCI7czoxMjoiY29sb3Jfc2NoZW1lIjtzOjA6IiI7czo0OiJtdzMwIjtzOjE6IjEiO3M6NzoiY29udGVudCI7czowOiIiO3M6MTk6Im1pb2Nhcm91c2VsX3NldHRpbmciO2E6NTp7czo5OiJhbmltYXRpb24iO3M6NDoiZmFkZSI7czoxMjoiY29sb3Jfc2NoZW1lIjtzOjA6IiI7czo1OiJkZWxheSI7czo0OiIzNTAwIjtzOjU6InNwZWVkIjtzOjQ6IjEwMDAiO3M6ODoiYXV0b3BsYXkiO2k6MTt9fX19fX1zOjQ6InR5cGUiO3M6NToiYmFzaWMiO319<\/p>\n","protected":false},"excerpt":{"rendered":"<p>Spole\u010dnost Sopack s.r.o. je spolehliv\u00fdm distributorem plastov\u00fdch palet. Plastov\u00e9 palety nab\u00edz\u00edme v&nbsp;\u010cesku, Slovensku a&nbsp;Polsku<\/p>\n","protected":false},"author":1,"featured_media":0,"parent":0,"menu_order":0,"comment_status":"open","ping_status":"closed","template":"","meta":[],"_links":{"self":[{"href":"https:\/\/www.slipsheet.sk\/index.php\/wp-json\/wp\/v2\/pages\/571"}],"collection":[{"href":"https:\/\/www.slipsheet.sk\/index.php\/wp-json\/wp\/v2\/pages"}],"about":[{"href":"https:\/\/www.slipsheet.sk\/index.php\/wp-json\/wp\/v2\/types\/page"}],"author":[{"embeddable":true,"href":"https:\/\/www.slipsheet.sk\/index.php\/wp-json\/wp\/v2\/users\/1"}],"replies":[{"embeddable":true,"href":"https:\/\/www.slipsheet.sk\/index.php\/wp-json\/wp\/v2\/comments?post=571"}],"version-history":[{"count":2,"href":"https:\/\/www.slipsheet.sk\/index.php\/wp-json\/wp\/v2\/pages\/571\/revisions"}],"predecessor-version":[{"id":2016,"href":"https:\/\/www.slipsheet.sk\/index.php\/wp-json\/wp\/v2\/pages\/571\/revisions\/2016"}],"wp:attachment":[{"href":"https:\/\/www.slipsheet.sk\/index.php\/wp-json\/wp\/v2\/media?parent=571"}],"curies":[{"name":"wp","href":"https:\/\/api.w.org\/{rel}","templated":true}]}}