{"id":539,"date":"2021-11-02T16:42:13","date_gmt":"2021-11-02T16:42:13","guid":{"rendered":"https:\/\/www.slipsheet.sk\/index.php\/plastove-palety-esd-palety-800x600\/"},"modified":"2021-11-19T07:39:44","modified_gmt":"2021-11-19T07:39:44","slug":"plastove-palety-esd-palety-800x600","status":"publish","type":"page","link":"https:\/\/www.slipsheet.sk\/index.php\/plastove-palety-esd-palety-800x600\/","title":{"rendered":"Plastov\u00e9 palety_ESD_palety_800x600"},"content":{"rendered":"<p>YTo0OntpOjA7YTo0OntzOjU6ImNsYXNzIjtzOjA6IiI7czo1OiJzdHlsZSI7YTozNTp7czoxNjoiYmFja2dyb3VuZF9jb2xvciI7YTo2OntzOjY6ImNvbG9yMSI7czo3OiIjZmZmZmZmIjtzOjEzOiJ0cmFuc3BhcmVuY3kxIjtzOjQ6IjEuMDAiO3M6NToicmdiYTEiO3M6MjI6InJnYmEoMjU1LCAyNTUsIDI1NSwgMSkiO3M6NjoiY29sb3IyIjtzOjA6IiI7czoxMzoidHJhbnNwYXJlbmN5MiI7czoxOiIxIjtzOjU6InJnYmEyIjtzOjA6IiI7fXM6MTg6ImJhY2tncm91bmRfc2V0dGluZyI7czo1OiJpbWFnZSI7czoxNjoiYmFja2dyb3VuZF9pbWFnZSI7YToxMDp7czo4OiJwb3NpdGlvbiI7czo3OiI1MCUgNTAlIjtzOjU6ImltYWdlIjtzOjA6IiI7czo3OiJpbWFnZWlkIjtzOjA6IiI7czo3OiJwYXR0ZXJuIjtzOjA6IiI7czo2OiJ0YWJsZXQiO2E6NDp7czo4OiJwb3NpdGlvbiI7czo3OiI1MCUgNTAlIjtzOjU6ImltYWdlIjtzOjA6IiI7czo3OiJpbWFnZWlkIjtzOjA6IiI7czo0OiJzaXplIjtzOjA6IiI7fXM6NjoibW9iaWxlIjthOjQ6e3M6ODoicG9zaXRpb24iO3M6NzoiNTAlIDUwJSI7czo1OiJpbWFnZSI7czowOiIiO3M6NzoiaW1hZ2VpZCI7czowOiIiO3M6NDoic2l6ZSI7czowOiIiO31zOjEzOiJvdmVybGF5X2NvbG9yIjthOjM6e3M6NToiY29sb3IiO3M6NzoiIzE1OGViZiI7czoxMjoidHJhbnNwYXJlbmN5IjtzOjM6IjAuOCI7czo0OiJyZ2JhIjtzOjIzOiJyZ2JhKDIxLCAxNDIsIDE5MSwgMC44KSI7fXM6NToiZWZlY3QiO3M6MDoiIjtzOjY6InJlcGVhdCI7czo5OiJuby1yZXBlYXQiO3M6NDoic2l6ZSI7czowOiIiO31zOjIwOiJzbGlkZXJfb3ZlcmxheV9jb2xvciI7YTozOntzOjU6ImNvbG9yIjtzOjA6IiI7czoxMjoidHJhbnNwYXJlbmN5IjtzOjM6IjAuNyI7czo0OiJyZ2JhIjtzOjA6IiI7fXM6MTA6InZpZGVvX3R5cGUiO3M6NjoiY3VzdG9tIjtzOjk6InZpZGVvX3VybCI7czowOiIiO3M6MjA6ImJhY2tncm91bmRfdmlkZW9fbXA0IjtzOjA6IiI7czoyMToiYmFja2dyb3VuZF92aWRlb193ZWJtIjtzOjA6IiI7czoyMDoiYmFja2dyb3VuZF92aWRlb19vZ2ciO3M6MDoiIjtzOjExOiJ2aWRlb19pbWFnZSI7YTo1OntzOjg6InBvc2l0aW9uIjtzOjc6IjUwJSA1MCUiO3M6NToiaW1hZ2UiO3M6MDoiIjtzOjc6ImltYWdlaWQiO3M6MDoiIjtzOjU6ImNvdmVyIjtzOjE6IjEiO3M6NDoic2l6ZSI7czowOiIiO31zOjE5OiJ2aWRlb19vdmVybGF5X2NvbG9yIjthOjM6e3M6NToiY29sb3IiO3M6MDoiIjtzOjEyOiJ0cmFuc3BhcmVuY3kiO3M6MzoiMC43IjtzOjQ6InJnYmEiO3M6MDoiIjt9czoxMDoicm93X2hlaWdodCI7czo3OiJkZWZhdWx0IjtzOjEwOiJtaW4taGVpZ2h0IjtzOjA6IiI7czoxMToiYXJyb3dfY29sb3IiO3M6NDoiI2ZmZiI7czoxMzoiY29udGVudF9hbGlnbiI7czozOiJ0b3AiO3M6NDoidGV4dCI7czo2OiJjdXN0b20iO3M6NDoiZm9udCI7YTo0OntzOjExOiJmb250LWZhbWlseSI7czowOiIiO3M6Njoid2VpZ2h0IjtzOjA6IiI7czo5OiJmb250LXNpemUiO3M6MDoiIjtzOjU6ImNvbG9yIjtzOjc6IiNmZmZmZmYiO31zOjEwOiJsaW5rX2NvbG9yIjtzOjc6IiNmZmZmZmYiO3M6NDoidHlwZSI7czo1OiJiYXNpYyI7czoxMToicm93X3BhZGRpbmciO3M6NjoiY3VzdG9tIjtzOjExOiJwYWRkaW5nX3RvcCI7czoyOiI0MCI7czo2OiJ0YWJsZXQiO2E6NDp7czoxMToicGFkZGluZ190b3AiO3M6MDoiIjtzOjE0OiJwYWRkaW5nX2JvdHRvbSI7czowOiIiO3M6MTI6InBhZGRpbmdfbGVmdCI7YToyOntzOjQ6InNpemUiO3M6MDoiIjtzOjQ6InVuaXQiO3M6MjoicHgiO31zOjEzOiJwYWRkaW5nX3JpZ2h0IjthOjI6e3M6NDoic2l6ZSI7czowOiIiO3M6NDoidW5pdCI7czoyOiJweCI7fX1zOjY6Im1vYmlsZSI7YTo0OntzOjExOiJwYWRkaW5nX3RvcCI7czowOiIiO3M6MTQ6InBhZGRpbmdfYm90dG9tIjtzOjA6IiI7czoxMjoicGFkZGluZ19sZWZ0IjthOjI6e3M6NDoic2l6ZSI7czowOiIiO3M6NDoidW5pdCI7czoyOiJweCI7fXM6MTM6InBhZGRpbmdfcmlnaHQiO2E6Mjp7czo0OiJzaXplIjtzOjA6IiI7czo0OiJ1bml0IjtzOjI6InB4Ijt9fXM6MTQ6InBhZGRpbmdfYm90dG9tIjtzOjI6IjMwIjtzOjEyOiJwYWRkaW5nX2xlZnQiO2E6Mjp7czo0OiJzaXplIjtzOjA6IiI7czo0OiJ1bml0IjtzOjI6InB4Ijt9czoxMzoicGFkZGluZ19yaWdodCI7YToyOntzOjQ6InNpemUiO3M6MDoiIjtzOjQ6InVuaXQiO3M6MjoicHgiO31zOjEwOiJib3JkZXItdG9wIjthOjM6e3M6NDoic2l6ZSI7czoxOiIwIjtzOjU6InN0eWxlIjtzOjU6InNvbGlkIjtzOjU6ImNvbG9yIjtzOjA6IiI7fXM6MTM6ImJvcmRlci1ib3R0b20iO2E6Mzp7czo0OiJzaXplIjtzOjE6IjAiO3M6NToic3R5bGUiO3M6NToic29saWQiO3M6NToiY29sb3IiO3M6MDoiIjt9czo5OiJzaGFwZV90b3AiO2E6Njp7czo1OiJzaGFwZSI7czo0OiJ0aWx0IjtzOjQ6ImNvZGUiO3M6OTk6Ijxzdmcgdmlld0JveD0iMCAwIDEwMDAgMTAwIiBwcmVzZXJ2ZUFzcGVjdFJhdGlvPSJub25lIj48cGF0aCBkPSJNMCw2VjBoMTAwMHYxMDBMMCw2eiI+PC9wYXRoPjwvc3ZnPiI7czo0OiJzaXplIjtzOjM6IjEwMCI7czo2OiJ0YWJsZXQiO2E6MTp7czo0OiJzaXplIjtzOjA6IiI7fXM6NjoibW9iaWxlIjthOjE6e3M6NDoic2l6ZSI7czowOiIiO31zOjU6ImNvbG9yIjtzOjA6IiI7fXM6MTI6InNoYXBlX2JvdHRvbSI7YTo2OntzOjU6InNoYXBlIjtzOjQ6InRpbHQiO3M6NDoiY29kZSI7czo5OToiPHN2ZyB2aWV3Qm94PSIwIDAgMTAwMCAxMDAiIHByZXNlcnZlQXNwZWN0UmF0aW89Im5vbmUiPjxwYXRoIGQ9Ik0wLDZWMGgxMDAwdjEwMEwwLDZ6Ij48L3BhdGg+PC9zdmc+IjtzOjQ6InNpemUiO3M6MzoiMTAwIjtzOjY6InRhYmxldCI7YToxOntzOjQ6InNpemUiO3M6MDoiIjt9czo2OiJtb2JpbGUiO2E6MTp7czo0OiJzaXplIjtzOjA6IiI7fXM6NToiY29sb3IiO3M6MDoiIjt9czoxMDoibWFyZ2luX3RvcCI7czowOiIiO3M6MTM6Im1hcmdpbl9ib3R0b20iO3M6MDoiIjtzOjk6ImNzc19jbGFzcyI7czowOiIiO3M6MTA6InJvd19hbmNob3IiO3M6MDoiIjtzOjU6ImRlbGF5IjtzOjA6IiI7fXM6NzoiY29udGVudCI7YToxOntpOjA7YTozOntzOjQ6InR5cGUiO3M6NzoiY29sLW9uZSI7czo1OiJjbGFzcyI7czowOiIiO3M6NzoiY29udGVudCI7YToyOntpOjA7YTozOntzOjQ6InR5cGUiO3M6NToidGl0bGUiO3M6NToic3R5bGUiO2E6OTp7czo0OiJmb250IjthOjk6e3M6OToiZm9udC1zaXplIjtzOjI6IjUwIjtzOjY6InRhYmxldCI7YToxOntzOjk6ImZvbnQtc2l6ZSI7czowOiIiO31zOjY6Im1vYmlsZSI7YToxOntzOjk6ImZvbnQtc2l6ZSI7czowOiIiO31zOjU6ImNvbG9yIjtzOjc6IiM5NDA5MDkiO3M6MTE6ImZvbnQtZmFtaWx5IjtzOjA6IiI7czo2OiJ3ZWlnaHQiO3M6MDoiIjtzOjExOiJsaW5lLWhlaWdodCI7czozOiIxLjIiO3M6MTQ6ImxldHRlci1zcGFjaW5nIjtzOjA6IiI7czoxMToidGV4dC1zaGFkb3ciO3M6NDoibm9uZSI7fXM6NToic3R5bGUiO3M6MToiMiI7czo2OiJib3JkZXIiO2E6Mzp7czo0OiJzaXplIjtzOjE6IjEiO3M6NToic3R5bGUiO3M6NToic29saWQiO3M6NToiY29sb3IiO3M6NzoiI2Q1ZDVkNSI7fXM6MTY6ImJhY2tncm91bmQtY29sb3IiO2E6Mzp7czo2OiJjb2xvcjEiO3M6NzoiI2U4ZThlOCI7czoxMzoidHJhbnNwYXJlbmN5MSI7czoxOiIxIjtzOjU6InJnYmExIjtzOjE5OiJyZ2JhKDIzMiwyMzIsMjMyLDEpIjt9czoxNjoiZGVjb3JhdGlvbi1jb2xvciI7czo3OiIjMTU4ZWJmIjtzOjE4OiJkZWNvcmF0aW9uLXBhZGRpbmciO3M6MDoiIjtzOjU6ImFsaWduIjtzOjY6ImNlbnRlciI7czo3OiJjb250ZW50IjtzOjg4OiI8aDEgc3R5bGU9XCJ0ZXh0LWFsaWduOiBjZW50ZXI7XCI+PHN0cm9uZz5QbGFzdG92JmVhY3V0ZTsgcGFsZXR5IDgwMHg2MDBtbTwvc3Ryb25nPjwvaDE+IjtzOjQ6Im13MzAiO3M6MToiMSI7fXM6NjoiY29uZmlnIjthOjEwOntzOjEwOiJtYXJnaW5fdG9wIjtzOjE6IjAiO3M6NjoidGFibGV0IjthOjM6e3M6MTA6Im1hcmdpbl90b3AiO3M6MDoiIjtzOjEzOiJtYXJnaW5fYm90dG9tIjtzOjA6IiI7czo5OiJtYXhfd2lkdGgiO3M6MDoiIjt9czo2OiJtb2JpbGUiO2E6Mzp7czoxMDoibWFyZ2luX3RvcCI7czowOiIiO3M6MTM6Im1hcmdpbl9ib3R0b20iO3M6MDoiIjtzOjk6Im1heF93aWR0aCI7czowOiIiO31zOjEzOiJtYXJnaW5fYm90dG9tIjtzOjE6IjUiO3M6OToibWF4X3dpZHRoIjtzOjA6IiI7czoxMzoiZWxlbWVudF9hbGlnbiI7czo2OiJjZW50ZXIiO3M6NzoiYW5pbWF0ZSI7czowOiIiO3M6MjoiaWQiO3M6MDoiIjtzOjU6ImNsYXNzIjtzOjA6IiI7czo1OiJkZWxheSI7czowOiIiO319aToxO2E6Mzp7czo0OiJ0eXBlIjtzOjQ6InRleHQiO3M6NToic3R5bGUiO2E6Njp7czo0OiJmb250IjthOjc6e3M6OToiZm9udC1zaXplIjtzOjA6IiI7czo2OiJ0YWJsZXQiO2E6MTp7czo5OiJmb250LXNpemUiO3M6MDoiIjt9czo2OiJtb2JpbGUiO2E6MTp7czo5OiJmb250LXNpemUiO3M6MDoiIjt9czo1OiJjb2xvciI7czo3OiIjOTQwOTA5IjtzOjExOiJmb250LWZhbWlseSI7czowOiIiO3M6Njoid2VpZ2h0IjtzOjA6IiI7czoxMToibGluZS1oZWlnaHQiO3M6MDoiIjt9czo1OiJzdHlsZSI7czoxOiIxIjtzOjE4OiJwLWJhY2tncm91bmQtY29sb3IiO2E6Mzp7czo2OiJjb2xvcjEiO3M6NzoiI2U4ZThlOCI7czoxMzoidHJhbnNwYXJlbmN5MSI7czoxOiIxIjtzOjU6InJnYmExIjtzOjE5OiJyZ2JhKDIzMiwyMzIsMjMyLDEpIjt9czo3OiJjb250ZW50IjtzOjgyOiI8aDQgc3R5bGU9XCJ0ZXh0LWFsaWduOiBjZW50ZXI7XCI+PHN0cm9uZz5FU0QgcGxhc3RvdiZlYWN1dGU7IHBhbGV0eTwvc3Ryb25nPjwvaDQ+IjtzOjI6ImxpIjtzOjA6IiI7czo0OiJtdzMwIjtzOjE6IjEiO31zOjY6ImNvbmZpZyI7YToxMDp7czoxMDoibWFyZ2luX3RvcCI7czowOiIiO3M6NjoidGFibGV0IjthOjM6e3M6MTA6Im1hcmdpbl90b3AiO3M6MDoiIjtzOjEzOiJtYXJnaW5fYm90dG9tIjtzOjA6IiI7czo5OiJtYXhfd2lkdGgiO3M6MDoiIjt9czo2OiJtb2JpbGUiO2E6Mzp7czoxMDoibWFyZ2luX3RvcCI7czowOiIiO3M6MTM6Im1hcmdpbl9ib3R0b20iO3M6MDoiIjtzOjk6Im1heF93aWR0aCI7czowOiIiO31zOjEzOiJtYXJnaW5fYm90dG9tIjtzOjA6IiI7czo5OiJtYXhfd2lkdGgiO3M6MDoiIjtzOjEzOiJlbGVtZW50X2FsaWduIjtzOjY6ImNlbnRlciI7czo3OiJhbmltYXRlIjtzOjA6IiI7czoyOiJpZCI7czowOiIiO3M6NToiY2xhc3MiO3M6MDoiIjtzOjU6ImRlbGF5IjtzOjA6IiI7fX19fX1zOjQ6InR5cGUiO3M6NToiYmFzaWMiO31pOjE7YTo0OntzOjU6ImNsYXNzIjtzOjA6IiI7czo1OiJzdHlsZSI7YToxMDp7czoxNjoiYmFja2dyb3VuZF9jb2xvciI7YTo2OntzOjY6ImNvbG9yMSI7czo0OiIjZmZmIjtzOjY6ImNvbG9yMiI7czowOiIiO3M6MTM6InRyYW5zcGFyZW5jeTEiO2k6MTtzOjU6InJnYmExIjtzOjIyOiJyZ2JhKDI1NSwgMjU1LCAyNTUsIDEpIjtzOjEzOiJ0cmFuc3BhcmVuY3kyIjtpOjE7czo1OiJyZ2JhMiI7czowOiIiO31zOjEwOiJsaW5rX2NvbG9yIjtzOjA6IiI7czo0OiJmb250IjthOjQ6e3M6OToiZm9udC1zaXplIjtzOjA6IiI7czoxMToiZm9udC1mYW1pbHkiO3M6MDoiIjtzOjY6IndlaWdodCI7czowOiIiO3M6NToiY29sb3IiO3M6MDoiIjt9czoxMDoidmlkZW9fdHlwZSI7czo2OiJjdXN0b20iO3M6MTM6ImNvbnRlbnRfYWxpZ24iO3M6MzoidG9wIjtzOjEwOiJyb3dfaGVpZ2h0IjtzOjA6IiI7czo0OiJ0ZXh0IjtzOjQ6ImF1dG8iO3M6MTE6InJvd19wYWRkaW5nIjtzOjY6ImN1c3RvbSI7czoxMDoibWFyZ2luX3RvcCI7czowOiIiO3M6MTM6Im1hcmdpbl9ib3R0b20iO3M6MDoiIjt9czo3OiJjb250ZW50IjthOjE6e2k6MDthOjM6e3M6NDoidHlwZSI7czo3OiJjb2wtb25lIjtzOjU6ImNsYXNzIjtzOjA6IiI7czo3OiJjb250ZW50IjthOjE6e2k6MDthOjM6e3M6NDoidHlwZSI7czo1OiJ0aXRsZSI7czo1OiJzdHlsZSI7YTo3OntzOjQ6ImZvbnQiO2E6Njp7czo5OiJmb250LXNpemUiO3M6MjoiMzAiO3M6MTE6ImZvbnQtZmFtaWx5IjtzOjA6IiI7czo2OiJ3ZWlnaHQiO3M6MDoiIjtzOjExOiJsaW5lLWhlaWdodCI7czozOiIxLjIiO3M6NToiY29sb3IiO3M6NzoiIzk0MDkwOSI7czoxMToidGV4dC1zaGFkb3ciO3M6NDoibm9uZSI7fXM6NToic3R5bGUiO3M6MToiMSI7czo2OiJib3JkZXIiO2E6Mjp7czo0OiJzaXplIjtzOjE6IjEiO3M6NToiY29sb3IiO3M6NzoiI2Q1ZDVkNSI7fXM6MTY6ImJhY2tncm91bmQtY29sb3IiO2E6Mzp7czo2OiJjb2xvcjEiO3M6NzoiI2U4ZThlOCI7czoxMzoidHJhbnNwYXJlbmN5MSI7czoxOiIxIjtzOjU6InJnYmExIjtzOjE5OiJyZ2JhKDIzMiwyMzIsMjMyLDEpIjt9czo1OiJhbGlnbiI7czo2OiJjZW50ZXIiO3M6NDoibXczMCI7czoxOiIxIjtzOjc6ImNvbnRlbnQiO3M6MTAwOiI8cD48c3BhbiBzdHlsZT1cInRleHQtZGVjb3JhdGlvbjogdW5kZXJsaW5lO1wiPkVTRCBwbGFzdG92JmFhY3V0ZTsgcGFsZXRhIDgwMHg2MDBtbSZuYnNwOzwvc3Bhbj48L3A+Ijt9czo2OiJjb25maWciO2E6Nzp7czo5OiJtYXhfd2lkdGgiO3M6MDoiIjtzOjEwOiJtYXJnaW5fdG9wIjtzOjE6IjAiO3M6MTM6Im1hcmdpbl9ib3R0b20iO3M6MToiMCI7czo1OiJkZWxheSI7czowOiIiO3M6NzoiYW5pbWF0ZSI7czowOiIiO3M6MjoiaWQiO3M6MDoiIjtzOjU6ImNsYXNzIjtzOjA6IiI7fX19fX1zOjQ6InR5cGUiO3M6NToiYmFzaWMiO31pOjI7YTo0OntzOjU6ImNsYXNzIjtzOjA6IiI7czo1OiJzdHlsZSI7YToxMDp7czoxNjoiYmFja2dyb3VuZF9jb2xvciI7YTo2OntzOjY6ImNvbG9yMSI7czo0OiIjZmZmIjtzOjY6ImNvbG9yMiI7czowOiIiO3M6MTM6InRyYW5zcGFyZW5jeTEiO2k6MTtzOjU6InJnYmExIjtzOjIyOiJyZ2JhKDI1NSwgMjU1LCAyNTUsIDEpIjtzOjEzOiJ0cmFuc3BhcmVuY3kyIjtpOjE7czo1OiJyZ2JhMiI7czowOiIiO31zOjEwOiJsaW5rX2NvbG9yIjtzOjA6IiI7czo0OiJmb250IjthOjQ6e3M6OToiZm9udC1zaXplIjtzOjA6IiI7czoxMToiZm9udC1mYW1pbHkiO3M6MDoiIjtzOjY6IndlaWdodCI7czowOiIiO3M6NToiY29sb3IiO3M6MDoiIjt9czoxMDoidmlkZW9fdHlwZSI7czo2OiJjdXN0b20iO3M6MTM6ImNvbnRlbnRfYWxpZ24iO3M6MzoidG9wIjtzOjEwOiJyb3dfaGVpZ2h0IjtzOjA6IiI7czo0OiJ0ZXh0IjtzOjQ6ImF1dG8iO3M6MTE6InJvd19wYWRkaW5nIjtzOjY6ImN1c3RvbSI7czoxMDoibWFyZ2luX3RvcCI7czowOiIiO3M6MTM6Im1hcmdpbl9ib3R0b20iO3M6MDoiIjt9czo3OiJjb250ZW50IjthOjI6e2k6MDthOjM6e3M6NDoidHlwZSI7czo3OiJjb2wtdHdvIjtzOjU6ImNsYXNzIjtzOjA6IiI7czo3OiJjb250ZW50IjthOjE6e2k6MDthOjI6e3M6NDoidHlwZSI7czo1OiJpbWFnZSI7czo1OiJzdHlsZSI7YToxNTp7czo1OiJpbWFnZSI7YToyOntzOjU6ImltYWdlIjtzOjQ2OiIvd3AtY29udGVudC91cGxvYWRzLzIwMjEvMTEvc2Y2MDBwb29sLTAxLTEuanBnIjtzOjc6ImltYWdlaWQiO3M6MDoiIjt9czoxMjoiY2xpY2tfYWN0aW9uIjtzOjQ6Im5vbmUiO3M6NToiYWxlcnQiO3M6MDoiIjtzOjU6InBvcHVwIjtzOjA6IiI7czo0OiJsaW5rIjthOjI6e3M6NDoicGFnZSI7czowOiIiO3M6NDoibGluayI7czowOiIiO31zOjExOiJsYXJnZV9pbWFnZSI7YToyOntzOjU6ImltYWdlIjtzOjA6IiI7czo3OiJpbWFnZWlkIjtzOjA6IiI7fXM6NToiYWxpZ24iO3M6NjoiY2VudGVyIjtzOjk6Im1heC13aWR0aCI7czowOiIiO3M6NToibGFiZWwiO3M6MDoiIjtzOjU6InN0eWxlIjtzOjE6IjEiO3M6NDoibXczMCI7czoxOiIxIjtzOjc6ImNvbnRlbnQiO3M6MDoiIjtzOjEwOiJ0aHVtYl9uYW1lIjtzOjA6IiI7czoxMToiaG92ZXJfY29sb3IiO2E6Mzp7czo1OiJjb2xvciI7czo3OiIjMDAwMDAwIjtzOjEyOiJ0cmFuc3BhcmVuY3kiO2Q6MC4zO3M6NDoicmdiYSI7czoxNToicmdiYSgwLDAsMCwwLjMpIjt9czo5OiJpbWdfc3R5bGUiO3M6MToiMSI7fX19fWk6MTthOjM6e3M6NDoidHlwZSI7czo3OiJjb2wtdHdvIjtzOjU6ImNsYXNzIjtzOjA6IiI7czo3OiJjb250ZW50IjthOjE6e2k6MDthOjI6e3M6NDoidHlwZSI7czo1OiJpbWFnZSI7czo1OiJzdHlsZSI7YToxNTp7czo1OiJpbWFnZSI7YToyOntzOjU6ImltYWdlIjtzOjQzOiIvd3AtY29udGVudC91cGxvYWRzLzIwMjEvMTEvc2Y2MDB1bHAtMDEuanBnIjtzOjc6ImltYWdlaWQiO3M6MDoiIjt9czoxMjoiY2xpY2tfYWN0aW9uIjtzOjQ6Im5vbmUiO3M6NToiYWxlcnQiO3M6MDoiIjtzOjU6InBvcHVwIjtzOjA6IiI7czo0OiJsaW5rIjthOjI6e3M6NDoicGFnZSI7czowOiIiO3M6NDoibGluayI7czowOiIiO31zOjExOiJsYXJnZV9pbWFnZSI7YToyOntzOjU6ImltYWdlIjtzOjA6IiI7czo3OiJpbWFnZWlkIjtzOjA6IiI7fXM6NToiYWxpZ24iO3M6NjoiY2VudGVyIjtzOjk6Im1heC13aWR0aCI7czowOiIiO3M6NToibGFiZWwiO3M6MDoiIjtzOjU6InN0eWxlIjtzOjE6IjEiO3M6NDoibXczMCI7czoxOiIxIjtzOjc6ImNvbnRlbnQiO3M6MDoiIjtzOjEwOiJ0aHVtYl9uYW1lIjtzOjA6IiI7czoxMToiaG92ZXJfY29sb3IiO2E6Mzp7czo1OiJjb2xvciI7czo3OiIjMDAwMDAwIjtzOjEyOiJ0cmFuc3BhcmVuY3kiO2Q6MC4zO3M6NDoicmdiYSI7czoxNToicmdiYSgwLDAsMCwwLjMpIjt9czo5OiJpbWdfc3R5bGUiO3M6MToiMSI7fX19fX1zOjQ6InR5cGUiO3M6NToiYmFzaWMiO31pOjM7YTo0OntzOjU6ImNsYXNzIjtzOjA6IiI7czo1OiJzdHlsZSI7YToxMDp7czoxNjoiYmFja2dyb3VuZF9jb2xvciI7YTo2OntzOjY6ImNvbG9yMSI7czo0OiIjZmZmIjtzOjY6ImNvbG9yMiI7czowOiIiO3M6MTM6InRyYW5zcGFyZW5jeTEiO2k6MTtzOjU6InJnYmExIjtzOjIyOiJyZ2JhKDI1NSwgMjU1LCAyNTUsIDEpIjtzOjEzOiJ0cmFuc3BhcmVuY3kyIjtpOjE7czo1OiJyZ2JhMiI7czowOiIiO31zOjEwOiJsaW5rX2NvbG9yIjtzOjA6IiI7czo0OiJmb250IjthOjQ6e3M6OToiZm9udC1zaXplIjtzOjA6IiI7czoxMToiZm9udC1mYW1pbHkiO3M6MDoiIjtzOjY6IndlaWdodCI7czowOiIiO3M6NToiY29sb3IiO3M6MDoiIjt9czoxMDoidmlkZW9fdHlwZSI7czo2OiJjdXN0b20iO3M6MTM6ImNvbnRlbnRfYWxpZ24iO3M6MzoidG9wIjtzOjEwOiJyb3dfaGVpZ2h0IjtzOjA6IiI7czo0OiJ0ZXh0IjtzOjQ6ImF1dG8iO3M6MTE6InJvd19wYWRkaW5nIjtzOjY6ImN1c3RvbSI7czoxMDoibWFyZ2luX3RvcCI7czowOiIiO3M6MTM6Im1hcmdpbl9ib3R0b20iO3M6MDoiIjt9czo3OiJjb250ZW50IjthOjE6e2k6MDthOjM6e3M6NDoidHlwZSI7czo3OiJjb2wtb25lIjtzOjU6ImNsYXNzIjtzOjA6IiI7czo3OiJjb250ZW50IjthOjU6e2k6MDthOjI6e3M6NDoidHlwZSI7czo1OiJ0YWJsZSI7czo1OiJzdHlsZSI7YTo3OntzOjU6ImxpbmVzIjthOjU6e2k6MDthOjI6e3M6NToidGl0bGUiO3M6NzoiUm96bcSbciI7czo0OiJ0ZXh0IjtzOjE5OiI4MDAgeCA2MDAgeCAxMzAgbW0qIjt9aToxO2E6Mjp7czo1OiJ0aXRsZSI7czo5OiJIbW90bm9zdCAiO3M6NDoidGV4dCI7czo3OiIyLDgga2cqIjt9aToyO2E6Mjp7czo1OiJ0aXRsZSI7czoxODoiRHluYW1pY2vDoSBub3Nub3N0IjtzOjQ6InRleHQiO3M6MTc6IjM1MCBrZyAtIDEwMDAga2cqIjt9aTozO2E6Mjp7czo1OiJ0aXRsZSI7czoxNzoiU3RhdGlja8OhIG5vc25vc3QiO3M6NDoidGV4dCI7czoxNzoiNzAwIGtnIC0gMjAwMCBrZyoiO31pOjQ7YToyOntzOjU6InRpdGxlIjtzOjE4OiJSZWfDoWxvdsOhIG5vc25vc3QiO3M6NDoidGV4dCI7czoxNDoiMCBrZyAtIDUwMCBrZyoiO319czo1OiJ3aWR0aCI7YToyOntzOjQ6InNpemUiO3M6MjoiNDAiO3M6NDoidW5pdCI7czoxOiIlIjt9czo1OiJzdHlsZSI7czoxOiIyIjtzOjQ6ImZvbnQiO2E6Mjp7czo5OiJmb250LXNpemUiO3M6MDoiIjtzOjU6ImNvbG9yIjtzOjA6IiI7fXM6NDoibXczMCI7czoxOiIxIjtzOjc6ImNvbnRlbnQiO3M6MDoiIjtzOjEwOiJ0ZXh0X2FsaWduIjtzOjQ6ImxlZnQiO319aToxO2E6Mjp7czo0OiJ0eXBlIjtzOjQ6InRleHQiO3M6NToic3R5bGUiO2E6Njp7czo0OiJmb250IjthOjU6e3M6OToiZm9udC1zaXplIjtzOjA6IiI7czoxMToiZm9udC1mYW1pbHkiO3M6MDoiIjtzOjY6IndlaWdodCI7czowOiIiO3M6MTE6ImxpbmUtaGVpZ2h0IjtzOjA6IiI7czo1OiJjb2xvciI7czowOiIiO31zOjI6ImxpIjtzOjA6IiI7czo1OiJzdHlsZSI7czoxOiIxIjtzOjE4OiJwLWJhY2tncm91bmQtY29sb3IiO2E6Mzp7czo2OiJjb2xvcjEiO3M6NzoiI2U4ZThlOCI7czoxMzoidHJhbnNwYXJlbmN5MSI7czoxOiIxIjtzOjU6InJnYmExIjtzOjE5OiJyZ2JhKDIzMiwyMzIsMjMyLDEpIjt9czo0OiJtdzMwIjtzOjE6IjEiO3M6NzoiY29udGVudCI7czo3MzoiPHA+KiBSb3pkJmlhY3V0ZTtsbiZhYWN1dGU7IGhvZG5vdGEsIGRsZSB6dm9sZW4mZWFjdXRlO2hvIHR5cHUgcGFsZXR5PC9wPiI7fX1pOjI7YTozOntzOjQ6InR5cGUiO3M6NjoiYnV0dG9uIjtzOjU6InN0eWxlIjthOjIwOntzOjc6ImNvbnRlbnQiO3M6MjY6IlBvcHTDoXZrYSBwbGFzdG92w6kgcGFsZXR5IjtzOjc6InN1YnRleHQiO3M6MDoiIjtzOjU6ImFsaWduIjtzOjY6ImNlbnRlciI7czo0OiJzaG93IjtzOjU6InBvcHVwIjtzOjQ6ImxpbmsiO2E6Mjp7czo0OiJwYWdlIjtzOjA6IiI7czo0OiJsaW5rIjtzOjA6IiI7fXM6NToicG9wdXAiO3M6MzoiNzI3IjtzOjEyOiJidXR0b25fc3R5bGUiO2E6NDp7czo1OiJzdHlsZSI7czoxMzoiY3VzdG9tX2J1dHRvbiI7czoxNDoiY3VzdG9tX3NldHRpbmciO2E6MTM6e3M6NToic3R5bGUiO3M6MToiMSI7czoxNjoiYmFja2dyb3VuZF9jb2xvciI7YTo3OntzOjY6ImNvbG9yMSI7czo3OiIjOTQwOTA5IjtzOjEzOiJ0cmFuc3BhcmVuY3kxIjtzOjE6IjEiO3M6NToicmdiYTEiO3M6MTg6InJnYmEoMTQ4LCA5LCA5LCAxKSI7czo2OiJjb2xvcjIiO3M6NzoiIzk0MDkwOSI7czoxMzoidHJhbnNwYXJlbmN5MiI7czoxOiIxIjtzOjU6InJnYmEyIjtzOjE4OiJyZ2JhKDE0OCwgOSwgOSwgMSkiO3M6ODoiZ3JhZGllbnQiO3M6MToiMSI7fXM6MTA6ImZvbnQtY29sb3IiO3M6NzoiI2ZmZmZmZiI7czo2OiJjb3JuZXIiO3M6MToiNSI7czoxNDoiaGVpZ2h0X3BhZGRpbmciO3M6MzoiMC40IjtzOjEzOiJ3aWR0aF9wYWRkaW5nIjtzOjM6IjEuMiI7czo0OiJmb250IjthOjI6e3M6MTE6ImZvbnQtZmFtaWx5IjtzOjA6IiI7czo2OiJ3ZWlnaHQiO3M6MDoiIjt9czoxMjoiYm9yZGVyLWNvbG9yIjtzOjA6IiI7czoxMjoiYm9yZGVyX3dpZHRoIjtzOjA6IiI7czoxMjoiaG92ZXJfZWZmZWN0IjtzOjA6IiI7czoxMToiaG92ZXJfY29sb3IiO2E6Njp7czo2OiJjb2xvcjEiO3M6MDoiIjtzOjEzOiJ0cmFuc3BhcmVuY3kxIjtzOjE6IjEiO3M6NToicmdiYTEiO3M6MDoiIjtzOjY6ImNvbG9yMiI7czowOiIiO3M6MTM6InRyYW5zcGFyZW5jeTIiO3M6MToiMSI7czo1OiJyZ2JhMiI7czowOiIiO31zOjE2OiJob3Zlcl9mb250X2NvbG9yIjtzOjA6IiI7czoxODoiYm9yZGVyX2hvdmVyLWNvbG9yIjtzOjA6IiI7fXM6MTE6ImJ1dHRvbl9zaXplIjtzOjY6ImN1c3RvbSI7czoxMToiY3VzdG9tX3NpemUiO3M6MjoiMjMiO31zOjQ6Imljb24iO2E6NDp7czo0OiJpY29uIjtzOjg6ImRvd25sb2FkIjtzOjQ6ImNvZGUiO3M6MTY5OiI8c3ZnIHJvbGU9ImltZyI+PHVzZSB4bGluazpocmVmPSJodHRwczovL3d3dy5zbGlwc2hlZXQuc2svd3AtY29udGVudC90aGVtZXMvbWlvd2ViMy9tb2R1bGVzL3Zpc3VhbGVkaXRvci9pbWFnZXMvaWNvbnMvZmVhdGhlci9zeW1ib2wtZGVmcy5zdmcjaWNvbi1kb3dubG9hZCI+PC91c2U+PC9zdmc+IjtzOjg6Imljb25fc2V0IjtzOjc6ImZlYXRoZXIiO3M6MzoidGFiIjtzOjQ6Imljb24iO31zOjk6Imljb25fc2l6ZSI7czozOiIxLjEiO3M6MTA6Imljb25fYWxpZ24iO3M6NDoibGVmdCI7czo1OiJ0ZXh0MiI7czoxNToiVGV4dCB0bGHEjcOtdGthIjtzOjg6InN1YnRleHQyIjtzOjA6IiI7czo1OiJzaG93MiI7czozOiJ1cmwiO3M6NToibGluazIiO2E6Mjp7czo0OiJwYWdlIjtzOjA6IiI7czo0OiJsaW5rIjtzOjA6IiI7fXM6NjoicG9wdXAyIjtzOjA6IiI7czoxMzoiYnV0dG9uX3N0eWxlMiI7YTo0OntzOjU6InN0eWxlIjtzOjEzOiJjdXN0b21fYnV0dG9uIjtzOjE0OiJjdXN0b21fc2V0dGluZyI7YToxMzp7czo1OiJzdHlsZSI7czoxOiIxIjtzOjE2OiJiYWNrZ3JvdW5kX2NvbG9yIjthOjc6e3M6NjoiY29sb3IxIjtzOjc6IiNmZmRlMjEiO3M6MTM6InRyYW5zcGFyZW5jeTEiO3M6MToiMSI7czo1OiJyZ2JhMSI7czoyMToicmdiYSgyNTUsIDIyMiwgMzMsIDEpIjtzOjY6ImNvbG9yMiI7czo3OiIjZmZjYzAwIjtzOjEzOiJ0cmFuc3BhcmVuY3kyIjtzOjE6IjEiO3M6NToicmdiYTIiO3M6MjA6InJnYmEoMjU1LCAyMDQsIDAsIDEpIjtzOjg6ImdyYWRpZW50IjtzOjE6IjEiO31zOjEwOiJmb250LWNvbG9yIjtzOjc6IiMyYjJiMmIiO3M6NjoiY29ybmVyIjtzOjE6IjAiO3M6MTQ6ImhlaWdodF9wYWRkaW5nIjtzOjM6IjAuNSI7czoxMzoid2lkdGhfcGFkZGluZyI7czozOiIxLjIiO3M6NDoiZm9udCI7YToyOntzOjExOiJmb250LWZhbWlseSI7czowOiIiO3M6Njoid2VpZ2h0IjtzOjA6IiI7fXM6MTI6ImJvcmRlci1jb2xvciI7czowOiIiO3M6MTI6ImJvcmRlcl93aWR0aCI7czowOiIiO3M6MTI6ImhvdmVyX2VmZmVjdCI7czo3OiJsaWdodGVyIjtzOjExOiJob3Zlcl9jb2xvciI7YTo2OntzOjY6ImNvbG9yMSI7czowOiIiO3M6MTM6InRyYW5zcGFyZW5jeTEiO3M6MToiMSI7czo1OiJyZ2JhMSI7czowOiIiO3M6NjoiY29sb3IyIjtzOjA6IiI7czoxMzoidHJhbnNwYXJlbmN5MiI7czoxOiIxIjtzOjU6InJnYmEyIjtzOjA6IiI7fXM6MTY6ImhvdmVyX2ZvbnRfY29sb3IiO3M6MDoiIjtzOjE4OiJib3JkZXJfaG92ZXItY29sb3IiO3M6MDoiIjt9czoxMToiYnV0dG9uX3NpemUiO3M6NjoiY3VzdG9tIjtzOjExOiJjdXN0b21fc2l6ZSI7czoyOiIzMCI7fXM6NToiaWNvbjIiO2E6NDp7czo0OiJpY29uIjtzOjg6ImRvd25sb2FkIjtzOjQ6ImNvZGUiO3M6MTY5OiI8c3ZnIHJvbGU9ImltZyI+PHVzZSB4bGluazpocmVmPSJodHRwczovL3d3dy5zbGlwc2hlZXQuc2svd3AtY29udGVudC90aGVtZXMvbWlvd2ViMy9tb2R1bGVzL3Zpc3VhbGVkaXRvci9pbWFnZXMvaWNvbnMvZmVhdGhlci9zeW1ib2wtZGVmcy5zdmcjaWNvbi1kb3dubG9hZCI+PC91c2U+PC9zdmc+IjtzOjg6Imljb25fc2V0IjtzOjc6ImZlYXRoZXIiO3M6MzoidGFiIjtzOjQ6Imljb24iO31zOjEwOiJpY29uX3NpemUyIjtzOjM6IjEuMSI7czoxMToiaWNvbl9hbGlnbjIiO3M6NDoibGVmdCI7czo0OiJtdzMwIjtzOjE6IjEiO31zOjY6ImNvbmZpZyI7YToxMDp7czoxMDoibWFyZ2luX3RvcCI7czoxOiIwIjtzOjY6InRhYmxldCI7YTozOntzOjEwOiJtYXJnaW5fdG9wIjtzOjA6IiI7czoxMzoibWFyZ2luX2JvdHRvbSI7czowOiIiO3M6OToibWF4X3dpZHRoIjtzOjA6IiI7fXM6NjoibW9iaWxlIjthOjM6e3M6MTA6Im1hcmdpbl90b3AiO3M6MDoiIjtzOjEzOiJtYXJnaW5fYm90dG9tIjtzOjA6IiI7czo5OiJtYXhfd2lkdGgiO3M6MDoiIjt9czoxMzoibWFyZ2luX2JvdHRvbSI7czoyOiI1MCI7czo5OiJtYXhfd2lkdGgiO3M6MDoiIjtzOjEzOiJlbGVtZW50X2FsaWduIjtzOjY6ImNlbnRlciI7czo3OiJhbmltYXRlIjtzOjA6IiI7czoyOiJpZCI7czowOiIiO3M6NToiY2xhc3MiO3M6MDoiIjtzOjU6ImRlbGF5IjtzOjA6IiI7fX1pOjg7YToyOntzOjQ6InR5cGUiO3M6NToidGl0bGUiO3M6NToic3R5bGUiO2E6Nzp7czo0OiJmb250IjthOjY6e3M6OToiZm9udC1zaXplIjtzOjI6IjMwIjtzOjExOiJmb250LWZhbWlseSI7czowOiIiO3M6Njoid2VpZ2h0IjtzOjA6IiI7czoxMToibGluZS1oZWlnaHQiO3M6MzoiMS4yIjtzOjU6ImNvbG9yIjtzOjA6IiI7czoxMToidGV4dC1zaGFkb3ciO3M6NDoibm9uZSI7fXM6NToic3R5bGUiO3M6MToiMSI7czo2OiJib3JkZXIiO2E6Mjp7czo0OiJzaXplIjtzOjE6IjEiO3M6NToiY29sb3IiO3M6NzoiI2Q1ZDVkNSI7fXM6MTY6ImJhY2tncm91bmQtY29sb3IiO2E6Mzp7czo2OiJjb2xvcjEiO3M6NzoiI2U4ZThlOCI7czoxMzoidHJhbnNwYXJlbmN5MSI7czoxOiIxIjtzOjU6InJnYmExIjtzOjE5OiJyZ2JhKDIzMiwyMzIsMjMyLDEpIjt9czo1OiJhbGlnbiI7czo2OiJjZW50ZXIiO3M6NDoibXczMCI7czoxOiIxIjtzOjc6ImNvbnRlbnQiO3M6MTc3OiI8cD48c3BhbiBzdHlsZT1cImNhcmV0LWNvbG9yOiAjOTQwOTA5OyBjb2xvcjogIzk0MDkwOTsgZm9udC1mYW1pbHk6IFwnT3BlbiBTYW5zXCc7IGZvbnQtc2l6ZTogMzBweDsgZm9udC13ZWlnaHQ6IGJvbGQ7XCI+ODAweDYwMG1tIEVTRCBwbGFzdG92JmVhY3V0ZTsgcGFsZXR5IHZhcmlhbnR5PC9zcGFuPjwvcD4iO319aTo5O2E6Mjp7czo0OiJ0eXBlIjtzOjEzOiJpbWFnZV9nYWxsZXJ5IjtzOjU6InN0eWxlIjthOjEyOntzOjE5OiJpbWFnZV9nYWxsZXJ5X2l0ZW1zIjthOjM6e2k6MDtzOjY0OiJodHRwczovL3d3dy5zbGlwc2hlZXQuc2svd3AtY29udGVudC91cGxvYWRzLzIwMjEvMTEvODAweDYwMGUuanBnIjtpOjE7czo2NDoiaHR0cHM6Ly93d3cuc2xpcHNoZWV0LnNrL3dwLWNvbnRlbnQvdXBsb2Fkcy8yMDIxLzExLzgwMHg2MDBkLmpwZyI7aToyO3M6NjQ6Imh0dHBzOi8vd3d3LnNsaXBzaGVldC5zay93cC1jb250ZW50L3VwbG9hZHMvMjAyMS8xMS84MDB4NjAwYy5qcGciO31zOjQ6ImNvbHMiO3M6MToiNCI7czoxMzoiZ2FsbGVyeV9zdHlsZSI7czoxMzoiY2FwdGlvbnNfb3ZlciI7czoxMDoidGh1bWJfbmFtZSI7czoyOiI0MyI7czo0OiJmb250IjthOjM6e3M6ODoidXNlLWZvbnQiO3M6NDoidGV4dCI7czo5OiJmb250LXNpemUiO3M6MjoiMTYiO3M6NToiYWxpZ24iO3M6NjoiY2VudGVyIjt9czo5OiJhbmltYXRpb24iO3M6NDoiZmFkZSI7czo1OiJkZWxheSI7czo0OiIzNTAwIjtzOjU6InNwZWVkIjtzOjQ6IjEwMDAiO3M6MTI6ImNvbG9yX3NjaGVtZSI7czowOiIiO3M6NDoibXczMCI7czoxOiIxIjtzOjc6ImNvbnRlbnQiO3M6MDoiIjtzOjE5OiJtaW9jYXJvdXNlbF9zZXR0aW5nIjthOjU6e3M6OToiYW5pbWF0aW9uIjtzOjQ6ImZhZGUiO3M6MTI6ImNvbG9yX3NjaGVtZSI7czowOiIiO3M6NToiZGVsYXkiO3M6NDoiMzUwMCI7czo1OiJzcGVlZCI7czo0OiIxMDAwIjtzOjg6ImF1dG9wbGF5IjtpOjE7fX19fX19czo0OiJ0eXBlIjtzOjU6ImJhc2ljIjt9fQ==<\/p>\n","protected":false},"excerpt":{"rendered":"<p>Spole\u010dnost Sopack s.r.o. je spolehliv\u00fdm distributorem plastov\u00fdch palet. Plastov\u00e9 palety nab\u00edz\u00edme v&nbsp;\u010cesku, Slovensku a&nbsp;Polsku<\/p>\n","protected":false},"author":1,"featured_media":0,"parent":0,"menu_order":0,"comment_status":"open","ping_status":"closed","template":"","meta":[],"_links":{"self":[{"href":"https:\/\/www.slipsheet.sk\/index.php\/wp-json\/wp\/v2\/pages\/539"}],"collection":[{"href":"https:\/\/www.slipsheet.sk\/index.php\/wp-json\/wp\/v2\/pages"}],"about":[{"href":"https:\/\/www.slipsheet.sk\/index.php\/wp-json\/wp\/v2\/types\/page"}],"author":[{"embeddable":true,"href":"https:\/\/www.slipsheet.sk\/index.php\/wp-json\/wp\/v2\/users\/1"}],"replies":[{"embeddable":true,"href":"https:\/\/www.slipsheet.sk\/index.php\/wp-json\/wp\/v2\/comments?post=539"}],"version-history":[{"count":3,"href":"https:\/\/www.slipsheet.sk\/index.php\/wp-json\/wp\/v2\/pages\/539\/revisions"}],"predecessor-version":[{"id":2020,"href":"https:\/\/www.slipsheet.sk\/index.php\/wp-json\/wp\/v2\/pages\/539\/revisions\/2020"}],"wp:attachment":[{"href":"https:\/\/www.slipsheet.sk\/index.php\/wp-json\/wp\/v2\/media?parent=539"}],"curies":[{"name":"wp","href":"https:\/\/api.w.org\/{rel}","templated":true}]}}