{"id":537,"date":"2021-11-02T16:42:13","date_gmt":"2021-11-02T16:42:13","guid":{"rendered":"https:\/\/www.slipsheet.sk\/index.php\/plastove-palety-esd-palety-600x400\/"},"modified":"2021-11-19T07:38:52","modified_gmt":"2021-11-19T07:38:52","slug":"plastove-palety-esd-palety-600x400","status":"publish","type":"page","link":"https:\/\/www.slipsheet.sk\/index.php\/plastove-palety-esd-palety-600x400\/","title":{"rendered":"Plastov\u00e9 palety_ESD_palety_600x400"},"content":{"rendered":"<p>YTo0OntpOjA7YTo0OntzOjU6ImNsYXNzIjtzOjA6IiI7czo1OiJzdHlsZSI7YTozNTp7czoxNjoiYmFja2dyb3VuZF9jb2xvciI7YTo2OntzOjY6ImNvbG9yMSI7czo3OiIjZmZmZmZmIjtzOjEzOiJ0cmFuc3BhcmVuY3kxIjtzOjQ6IjEuMDAiO3M6NToicmdiYTEiO3M6MjI6InJnYmEoMjU1LCAyNTUsIDI1NSwgMSkiO3M6NjoiY29sb3IyIjtzOjA6IiI7czoxMzoidHJhbnNwYXJlbmN5MiI7czoxOiIxIjtzOjU6InJnYmEyIjtzOjA6IiI7fXM6MTg6ImJhY2tncm91bmRfc2V0dGluZyI7czo1OiJpbWFnZSI7czoxNjoiYmFja2dyb3VuZF9pbWFnZSI7YToxMDp7czo4OiJwb3NpdGlvbiI7czo3OiI1MCUgNTAlIjtzOjU6ImltYWdlIjtzOjA6IiI7czo3OiJpbWFnZWlkIjtzOjA6IiI7czo3OiJwYXR0ZXJuIjtzOjA6IiI7czo2OiJ0YWJsZXQiO2E6NDp7czo4OiJwb3NpdGlvbiI7czo3OiI1MCUgNTAlIjtzOjU6ImltYWdlIjtzOjA6IiI7czo3OiJpbWFnZWlkIjtzOjA6IiI7czo0OiJzaXplIjtzOjA6IiI7fXM6NjoibW9iaWxlIjthOjQ6e3M6ODoicG9zaXRpb24iO3M6NzoiNTAlIDUwJSI7czo1OiJpbWFnZSI7czowOiIiO3M6NzoiaW1hZ2VpZCI7czowOiIiO3M6NDoic2l6ZSI7czowOiIiO31zOjEzOiJvdmVybGF5X2NvbG9yIjthOjM6e3M6NToiY29sb3IiO3M6NzoiIzE1OGViZiI7czoxMjoidHJhbnNwYXJlbmN5IjtzOjM6IjAuOCI7czo0OiJyZ2JhIjtzOjIzOiJyZ2JhKDIxLCAxNDIsIDE5MSwgMC44KSI7fXM6NToiZWZlY3QiO3M6MDoiIjtzOjY6InJlcGVhdCI7czo5OiJuby1yZXBlYXQiO3M6NDoic2l6ZSI7czowOiIiO31zOjIwOiJzbGlkZXJfb3ZlcmxheV9jb2xvciI7YTozOntzOjU6ImNvbG9yIjtzOjA6IiI7czoxMjoidHJhbnNwYXJlbmN5IjtzOjM6IjAuNyI7czo0OiJyZ2JhIjtzOjA6IiI7fXM6MTA6InZpZGVvX3R5cGUiO3M6NjoiY3VzdG9tIjtzOjk6InZpZGVvX3VybCI7czowOiIiO3M6MjA6ImJhY2tncm91bmRfdmlkZW9fbXA0IjtzOjA6IiI7czoyMToiYmFja2dyb3VuZF92aWRlb193ZWJtIjtzOjA6IiI7czoyMDoiYmFja2dyb3VuZF92aWRlb19vZ2ciO3M6MDoiIjtzOjExOiJ2aWRlb19pbWFnZSI7YTo1OntzOjg6InBvc2l0aW9uIjtzOjc6IjUwJSA1MCUiO3M6NToiaW1hZ2UiO3M6MDoiIjtzOjc6ImltYWdlaWQiO3M6MDoiIjtzOjU6ImNvdmVyIjtzOjE6IjEiO3M6NDoic2l6ZSI7czowOiIiO31zOjE5OiJ2aWRlb19vdmVybGF5X2NvbG9yIjthOjM6e3M6NToiY29sb3IiO3M6MDoiIjtzOjEyOiJ0cmFuc3BhcmVuY3kiO3M6MzoiMC43IjtzOjQ6InJnYmEiO3M6MDoiIjt9czoxMDoicm93X2hlaWdodCI7czo3OiJkZWZhdWx0IjtzOjEwOiJtaW4taGVpZ2h0IjtzOjA6IiI7czoxMToiYXJyb3dfY29sb3IiO3M6NDoiI2ZmZiI7czoxMzoiY29udGVudF9hbGlnbiI7czozOiJ0b3AiO3M6NDoidGV4dCI7czo2OiJjdXN0b20iO3M6NDoiZm9udCI7YTo0OntzOjExOiJmb250LWZhbWlseSI7czowOiIiO3M6Njoid2VpZ2h0IjtzOjA6IiI7czo5OiJmb250LXNpemUiO3M6MDoiIjtzOjU6ImNvbG9yIjtzOjc6IiNmZmZmZmYiO31zOjEwOiJsaW5rX2NvbG9yIjtzOjc6IiNmZmZmZmYiO3M6NDoidHlwZSI7czo1OiJiYXNpYyI7czoxMToicm93X3BhZGRpbmciO3M6NjoiY3VzdG9tIjtzOjExOiJwYWRkaW5nX3RvcCI7czoyOiI0MCI7czo2OiJ0YWJsZXQiO2E6NDp7czoxMToicGFkZGluZ190b3AiO3M6MDoiIjtzOjE0OiJwYWRkaW5nX2JvdHRvbSI7czowOiIiO3M6MTI6InBhZGRpbmdfbGVmdCI7YToyOntzOjQ6InNpemUiO3M6MDoiIjtzOjQ6InVuaXQiO3M6MjoicHgiO31zOjEzOiJwYWRkaW5nX3JpZ2h0IjthOjI6e3M6NDoic2l6ZSI7czowOiIiO3M6NDoidW5pdCI7czoyOiJweCI7fX1zOjY6Im1vYmlsZSI7YTo0OntzOjExOiJwYWRkaW5nX3RvcCI7czowOiIiO3M6MTQ6InBhZGRpbmdfYm90dG9tIjtzOjA6IiI7czoxMjoicGFkZGluZ19sZWZ0IjthOjI6e3M6NDoic2l6ZSI7czowOiIiO3M6NDoidW5pdCI7czoyOiJweCI7fXM6MTM6InBhZGRpbmdfcmlnaHQiO2E6Mjp7czo0OiJzaXplIjtzOjA6IiI7czo0OiJ1bml0IjtzOjI6InB4Ijt9fXM6MTQ6InBhZGRpbmdfYm90dG9tIjtzOjI6IjMwIjtzOjEyOiJwYWRkaW5nX2xlZnQiO2E6Mjp7czo0OiJzaXplIjtzOjA6IiI7czo0OiJ1bml0IjtzOjI6InB4Ijt9czoxMzoicGFkZGluZ19yaWdodCI7YToyOntzOjQ6InNpemUiO3M6MDoiIjtzOjQ6InVuaXQiO3M6MjoicHgiO31zOjEwOiJib3JkZXItdG9wIjthOjM6e3M6NDoic2l6ZSI7czoxOiIwIjtzOjU6InN0eWxlIjtzOjU6InNvbGlkIjtzOjU6ImNvbG9yIjtzOjA6IiI7fXM6MTM6ImJvcmRlci1ib3R0b20iO2E6Mzp7czo0OiJzaXplIjtzOjE6IjAiO3M6NToic3R5bGUiO3M6NToic29saWQiO3M6NToiY29sb3IiO3M6MDoiIjt9czo5OiJzaGFwZV90b3AiO2E6Njp7czo1OiJzaGFwZSI7czo0OiJ0aWx0IjtzOjQ6ImNvZGUiO3M6OTk6Ijxzdmcgdmlld0JveD0iMCAwIDEwMDAgMTAwIiBwcmVzZXJ2ZUFzcGVjdFJhdGlvPSJub25lIj48cGF0aCBkPSJNMCw2VjBoMTAwMHYxMDBMMCw2eiI+PC9wYXRoPjwvc3ZnPiI7czo0OiJzaXplIjtzOjM6IjEwMCI7czo2OiJ0YWJsZXQiO2E6MTp7czo0OiJzaXplIjtzOjA6IiI7fXM6NjoibW9iaWxlIjthOjE6e3M6NDoic2l6ZSI7czowOiIiO31zOjU6ImNvbG9yIjtzOjA6IiI7fXM6MTI6InNoYXBlX2JvdHRvbSI7YTo2OntzOjU6InNoYXBlIjtzOjQ6InRpbHQiO3M6NDoiY29kZSI7czo5OToiPHN2ZyB2aWV3Qm94PSIwIDAgMTAwMCAxMDAiIHByZXNlcnZlQXNwZWN0UmF0aW89Im5vbmUiPjxwYXRoIGQ9Ik0wLDZWMGgxMDAwdjEwMEwwLDZ6Ij48L3BhdGg+PC9zdmc+IjtzOjQ6InNpemUiO3M6MzoiMTAwIjtzOjY6InRhYmxldCI7YToxOntzOjQ6InNpemUiO3M6MDoiIjt9czo2OiJtb2JpbGUiO2E6MTp7czo0OiJzaXplIjtzOjA6IiI7fXM6NToiY29sb3IiO3M6MDoiIjt9czoxMDoibWFyZ2luX3RvcCI7czowOiIiO3M6MTM6Im1hcmdpbl9ib3R0b20iO3M6MDoiIjtzOjk6ImNzc19jbGFzcyI7czowOiIiO3M6MTA6InJvd19hbmNob3IiO3M6MDoiIjtzOjU6ImRlbGF5IjtzOjA6IiI7fXM6NzoiY29udGVudCI7YToxOntpOjA7YTozOntzOjQ6InR5cGUiO3M6NzoiY29sLW9uZSI7czo1OiJjbGFzcyI7czowOiIiO3M6NzoiY29udGVudCI7YToyOntpOjA7YTozOntzOjQ6InR5cGUiO3M6NToidGl0bGUiO3M6NToic3R5bGUiO2E6OTp7czo0OiJmb250IjthOjk6e3M6OToiZm9udC1zaXplIjtzOjI6IjUwIjtzOjY6InRhYmxldCI7YToxOntzOjk6ImZvbnQtc2l6ZSI7czowOiIiO31zOjY6Im1vYmlsZSI7YToxOntzOjk6ImZvbnQtc2l6ZSI7czowOiIiO31zOjU6ImNvbG9yIjtzOjc6IiM5NDA5MDkiO3M6MTE6ImZvbnQtZmFtaWx5IjtzOjA6IiI7czo2OiJ3ZWlnaHQiO3M6MDoiIjtzOjExOiJsaW5lLWhlaWdodCI7czozOiIxLjIiO3M6MTQ6ImxldHRlci1zcGFjaW5nIjtzOjA6IiI7czoxMToidGV4dC1zaGFkb3ciO3M6NDoibm9uZSI7fXM6NToic3R5bGUiO3M6MToiMiI7czo2OiJib3JkZXIiO2E6Mzp7czo0OiJzaXplIjtzOjE6IjEiO3M6NToic3R5bGUiO3M6NToic29saWQiO3M6NToiY29sb3IiO3M6NzoiI2Q1ZDVkNSI7fXM6MTY6ImJhY2tncm91bmQtY29sb3IiO2E6Mzp7czo2OiJjb2xvcjEiO3M6NzoiI2U4ZThlOCI7czoxMzoidHJhbnNwYXJlbmN5MSI7czoxOiIxIjtzOjU6InJnYmExIjtzOjE5OiJyZ2JhKDIzMiwyMzIsMjMyLDEpIjt9czoxNjoiZGVjb3JhdGlvbi1jb2xvciI7czo3OiIjMTU4ZWJmIjtzOjE4OiJkZWNvcmF0aW9uLXBhZGRpbmciO3M6MDoiIjtzOjU6ImFsaWduIjtzOjY6ImNlbnRlciI7czo3OiJjb250ZW50IjtzOjg4OiI8aDEgc3R5bGU9XCJ0ZXh0LWFsaWduOiBjZW50ZXI7XCI+PHN0cm9uZz5QbGFzdG92JmVhY3V0ZTsgcGFsZXR5IDYwMHg0MDBtbTwvc3Ryb25nPjwvaDE+IjtzOjQ6Im13MzAiO3M6MToiMSI7fXM6NjoiY29uZmlnIjthOjEwOntzOjEwOiJtYXJnaW5fdG9wIjtzOjE6IjAiO3M6NjoidGFibGV0IjthOjM6e3M6MTA6Im1hcmdpbl90b3AiO3M6MDoiIjtzOjEzOiJtYXJnaW5fYm90dG9tIjtzOjA6IiI7czo5OiJtYXhfd2lkdGgiO3M6MDoiIjt9czo2OiJtb2JpbGUiO2E6Mzp7czoxMDoibWFyZ2luX3RvcCI7czowOiIiO3M6MTM6Im1hcmdpbl9ib3R0b20iO3M6MDoiIjtzOjk6Im1heF93aWR0aCI7czowOiIiO31zOjEzOiJtYXJnaW5fYm90dG9tIjtzOjE6IjUiO3M6OToibWF4X3dpZHRoIjtzOjA6IiI7czoxMzoiZWxlbWVudF9hbGlnbiI7czo2OiJjZW50ZXIiO3M6NzoiYW5pbWF0ZSI7czowOiIiO3M6MjoiaWQiO3M6MDoiIjtzOjU6ImNsYXNzIjtzOjA6IiI7czo1OiJkZWxheSI7czowOiIiO319aToxO2E6Mzp7czo0OiJ0eXBlIjtzOjQ6InRleHQiO3M6NToic3R5bGUiO2E6Njp7czo0OiJmb250IjthOjc6e3M6OToiZm9udC1zaXplIjtzOjA6IiI7czo2OiJ0YWJsZXQiO2E6MTp7czo5OiJmb250LXNpemUiO3M6MDoiIjt9czo2OiJtb2JpbGUiO2E6MTp7czo5OiJmb250LXNpemUiO3M6MDoiIjt9czo1OiJjb2xvciI7czo3OiIjOTQwOTA5IjtzOjExOiJmb250LWZhbWlseSI7czowOiIiO3M6Njoid2VpZ2h0IjtzOjA6IiI7czoxMToibGluZS1oZWlnaHQiO3M6MDoiIjt9czo1OiJzdHlsZSI7czoxOiIxIjtzOjE4OiJwLWJhY2tncm91bmQtY29sb3IiO2E6Mzp7czo2OiJjb2xvcjEiO3M6NzoiI2U4ZThlOCI7czoxMzoidHJhbnNwYXJlbmN5MSI7czoxOiIxIjtzOjU6InJnYmExIjtzOjE5OiJyZ2JhKDIzMiwyMzIsMjMyLDEpIjt9czo3OiJjb250ZW50IjtzOjgyOiI8aDQgc3R5bGU9XCJ0ZXh0LWFsaWduOiBjZW50ZXI7XCI+PHN0cm9uZz5FU0QgcGxhc3RvdiZlYWN1dGU7IHBhbGV0eTwvc3Ryb25nPjwvaDQ+IjtzOjI6ImxpIjtzOjA6IiI7czo0OiJtdzMwIjtzOjE6IjEiO31zOjY6ImNvbmZpZyI7YToxMDp7czoxMDoibWFyZ2luX3RvcCI7czowOiIiO3M6NjoidGFibGV0IjthOjM6e3M6MTA6Im1hcmdpbl90b3AiO3M6MDoiIjtzOjEzOiJtYXJnaW5fYm90dG9tIjtzOjA6IiI7czo5OiJtYXhfd2lkdGgiO3M6MDoiIjt9czo2OiJtb2JpbGUiO2E6Mzp7czoxMDoibWFyZ2luX3RvcCI7czowOiIiO3M6MTM6Im1hcmdpbl9ib3R0b20iO3M6MDoiIjtzOjk6Im1heF93aWR0aCI7czowOiIiO31zOjEzOiJtYXJnaW5fYm90dG9tIjtzOjA6IiI7czo5OiJtYXhfd2lkdGgiO3M6MDoiIjtzOjEzOiJlbGVtZW50X2FsaWduIjtzOjY6ImNlbnRlciI7czo3OiJhbmltYXRlIjtzOjA6IiI7czoyOiJpZCI7czowOiIiO3M6NToiY2xhc3MiO3M6MDoiIjtzOjU6ImRlbGF5IjtzOjA6IiI7fX19fX1zOjQ6InR5cGUiO3M6NToiYmFzaWMiO31pOjE7YTo0OntzOjU6ImNsYXNzIjtzOjA6IiI7czo1OiJzdHlsZSI7YToxMDp7czoxNjoiYmFja2dyb3VuZF9jb2xvciI7YTo2OntzOjY6ImNvbG9yMSI7czo0OiIjZmZmIjtzOjY6ImNvbG9yMiI7czowOiIiO3M6MTM6InRyYW5zcGFyZW5jeTEiO2k6MTtzOjU6InJnYmExIjtzOjIyOiJyZ2JhKDI1NSwgMjU1LCAyNTUsIDEpIjtzOjEzOiJ0cmFuc3BhcmVuY3kyIjtpOjE7czo1OiJyZ2JhMiI7czowOiIiO31zOjEwOiJsaW5rX2NvbG9yIjtzOjA6IiI7czo0OiJmb250IjthOjQ6e3M6OToiZm9udC1zaXplIjtzOjA6IiI7czoxMToiZm9udC1mYW1pbHkiO3M6MDoiIjtzOjY6IndlaWdodCI7czowOiIiO3M6NToiY29sb3IiO3M6MDoiIjt9czoxMDoidmlkZW9fdHlwZSI7czo2OiJjdXN0b20iO3M6MTM6ImNvbnRlbnRfYWxpZ24iO3M6MzoidG9wIjtzOjEwOiJyb3dfaGVpZ2h0IjtzOjA6IiI7czo0OiJ0ZXh0IjtzOjQ6ImF1dG8iO3M6MTE6InJvd19wYWRkaW5nIjtzOjY6ImN1c3RvbSI7czoxMDoibWFyZ2luX3RvcCI7czowOiIiO3M6MTM6Im1hcmdpbl9ib3R0b20iO3M6MDoiIjt9czo3OiJjb250ZW50IjthOjE6e2k6MDthOjM6e3M6NDoidHlwZSI7czo3OiJjb2wtb25lIjtzOjU6ImNsYXNzIjtzOjA6IiI7czo3OiJjb250ZW50IjthOjE6e2k6MDthOjM6e3M6NDoidHlwZSI7czo1OiJ0aXRsZSI7czo1OiJzdHlsZSI7YTo3OntzOjQ6ImZvbnQiO2E6Njp7czo5OiJmb250LXNpemUiO3M6MjoiMzAiO3M6MTE6ImZvbnQtZmFtaWx5IjtzOjA6IiI7czo2OiJ3ZWlnaHQiO3M6MDoiIjtzOjExOiJsaW5lLWhlaWdodCI7czozOiIxLjIiO3M6NToiY29sb3IiO3M6NzoiIzk0MDkwOSI7czoxMToidGV4dC1zaGFkb3ciO3M6NDoibm9uZSI7fXM6NToic3R5bGUiO3M6MToiMSI7czo2OiJib3JkZXIiO2E6Mjp7czo0OiJzaXplIjtzOjE6IjEiO3M6NToiY29sb3IiO3M6NzoiI2Q1ZDVkNSI7fXM6MTY6ImJhY2tncm91bmQtY29sb3IiO2E6Mzp7czo2OiJjb2xvcjEiO3M6NzoiI2U4ZThlOCI7czoxMzoidHJhbnNwYXJlbmN5MSI7czoxOiIxIjtzOjU6InJnYmExIjtzOjE5OiJyZ2JhKDIzMiwyMzIsMjMyLDEpIjt9czo1OiJhbGlnbiI7czo2OiJjZW50ZXIiO3M6NDoibXczMCI7czoxOiIxIjtzOjc6ImNvbnRlbnQiO3M6MTAwOiI8cD48c3BhbiBzdHlsZT1cInRleHQtZGVjb3JhdGlvbjogdW5kZXJsaW5lO1wiPkVTRCBwbGFzdG92JmFhY3V0ZTsgcGFsZXRhIDYwMHg0MDBtbSZuYnNwOzwvc3Bhbj48L3A+Ijt9czo2OiJjb25maWciO2E6Nzp7czo5OiJtYXhfd2lkdGgiO3M6MDoiIjtzOjEwOiJtYXJnaW5fdG9wIjtzOjE6IjAiO3M6MTM6Im1hcmdpbl9ib3R0b20iO3M6MToiMCI7czo1OiJkZWxheSI7czowOiIiO3M6NzoiYW5pbWF0ZSI7czowOiIiO3M6MjoiaWQiO3M6MDoiIjtzOjU6ImNsYXNzIjtzOjA6IiI7fX19fX1zOjQ6InR5cGUiO3M6NToiYmFzaWMiO31pOjI7YTo0OntzOjU6ImNsYXNzIjtzOjA6IiI7czo1OiJzdHlsZSI7YToxMDp7czoxNjoiYmFja2dyb3VuZF9jb2xvciI7YTo2OntzOjY6ImNvbG9yMSI7czo0OiIjZmZmIjtzOjY6ImNvbG9yMiI7czowOiIiO3M6MTM6InRyYW5zcGFyZW5jeTEiO2k6MTtzOjU6InJnYmExIjtzOjIyOiJyZ2JhKDI1NSwgMjU1LCAyNTUsIDEpIjtzOjEzOiJ0cmFuc3BhcmVuY3kyIjtpOjE7czo1OiJyZ2JhMiI7czowOiIiO31zOjEwOiJsaW5rX2NvbG9yIjtzOjA6IiI7czo0OiJmb250IjthOjQ6e3M6OToiZm9udC1zaXplIjtzOjA6IiI7czoxMToiZm9udC1mYW1pbHkiO3M6MDoiIjtzOjY6IndlaWdodCI7czowOiIiO3M6NToiY29sb3IiO3M6MDoiIjt9czoxMDoidmlkZW9fdHlwZSI7czo2OiJjdXN0b20iO3M6MTM6ImNvbnRlbnRfYWxpZ24iO3M6MzoidG9wIjtzOjEwOiJyb3dfaGVpZ2h0IjtzOjA6IiI7czo0OiJ0ZXh0IjtzOjQ6ImF1dG8iO3M6MTE6InJvd19wYWRkaW5nIjtzOjY6ImN1c3RvbSI7czoxMDoibWFyZ2luX3RvcCI7czowOiIiO3M6MTM6Im1hcmdpbl9ib3R0b20iO3M6MDoiIjt9czo3OiJjb250ZW50IjthOjI6e2k6MDthOjM6e3M6NDoidHlwZSI7czo3OiJjb2wtdHdvIjtzOjU6ImNsYXNzIjtzOjA6IiI7czo3OiJjb250ZW50IjthOjE6e2k6MDthOjI6e3M6NDoidHlwZSI7czo1OiJpbWFnZSI7czo1OiJzdHlsZSI7YToxNTp7czo1OiJpbWFnZSI7YToyOntzOjU6ImltYWdlIjtzOjUxOiIvd3AtY29udGVudC91cGxvYWRzLzIwMjEvMTEvc2Y0MDBsLTAyLTEtNDYxeDM0Ni5qcGciO3M6NzoiaW1hZ2VpZCI7czowOiIiO31zOjEyOiJjbGlja19hY3Rpb24iO3M6NDoibm9uZSI7czo1OiJhbGVydCI7czowOiIiO3M6NToicG9wdXAiO3M6MDoiIjtzOjQ6ImxpbmsiO2E6Mjp7czo0OiJwYWdlIjtzOjA6IiI7czo0OiJsaW5rIjtzOjA6IiI7fXM6MTE6ImxhcmdlX2ltYWdlIjthOjI6e3M6NToiaW1hZ2UiO3M6MDoiIjtzOjc6ImltYWdlaWQiO3M6MDoiIjt9czo1OiJhbGlnbiI7czo2OiJjZW50ZXIiO3M6OToibWF4LXdpZHRoIjtzOjA6IiI7czo1OiJsYWJlbCI7czowOiIiO3M6NToic3R5bGUiO3M6MToiMSI7czo0OiJtdzMwIjtzOjE6IjEiO3M6NzoiY29udGVudCI7czowOiIiO3M6MTA6InRodW1iX25hbWUiO3M6MDoiIjtzOjExOiJob3Zlcl9jb2xvciI7YTozOntzOjU6ImNvbG9yIjtzOjc6IiMwMDAwMDAiO3M6MTI6InRyYW5zcGFyZW5jeSI7ZDowLjM7czo0OiJyZ2JhIjtzOjE1OiJyZ2JhKDAsMCwwLDAuMykiO31zOjk6ImltZ19zdHlsZSI7czoxOiIxIjt9fX19aToxO2E6Mzp7czo0OiJ0eXBlIjtzOjc6ImNvbC10d28iO3M6NToiY2xhc3MiO3M6MDoiIjtzOjc6ImNvbnRlbnQiO2E6MTp7aTowO2E6Mjp7czo0OiJ0eXBlIjtzOjU6ImltYWdlIjtzOjU6InN0eWxlIjthOjE1OntzOjU6ImltYWdlIjthOjI6e3M6NToiaW1hZ2UiO3M6NDk6Ii93cC1jb250ZW50L3VwbG9hZHMvMjAyMS8xMS9zZjQwMGwtMDQtNDYxeDM0Ni5qcGciO3M6NzoiaW1hZ2VpZCI7czowOiIiO31zOjEyOiJjbGlja19hY3Rpb24iO3M6NDoibm9uZSI7czo1OiJhbGVydCI7czowOiIiO3M6NToicG9wdXAiO3M6MDoiIjtzOjQ6ImxpbmsiO2E6Mjp7czo0OiJwYWdlIjtzOjA6IiI7czo0OiJsaW5rIjtzOjA6IiI7fXM6MTE6ImxhcmdlX2ltYWdlIjthOjI6e3M6NToiaW1hZ2UiO3M6MDoiIjtzOjc6ImltYWdlaWQiO3M6MDoiIjt9czo1OiJhbGlnbiI7czo2OiJjZW50ZXIiO3M6OToibWF4LXdpZHRoIjtzOjA6IiI7czo1OiJsYWJlbCI7czowOiIiO3M6NToic3R5bGUiO3M6MToiMSI7czo0OiJtdzMwIjtzOjE6IjEiO3M6NzoiY29udGVudCI7czowOiIiO3M6MTA6InRodW1iX25hbWUiO3M6MDoiIjtzOjExOiJob3Zlcl9jb2xvciI7YTozOntzOjU6ImNvbG9yIjtzOjc6IiMwMDAwMDAiO3M6MTI6InRyYW5zcGFyZW5jeSI7ZDowLjM7czo0OiJyZ2JhIjtzOjE1OiJyZ2JhKDAsMCwwLDAuMykiO31zOjk6ImltZ19zdHlsZSI7czoxOiIxIjt9fX19fXM6NDoidHlwZSI7czo1OiJiYXNpYyI7fWk6MzthOjQ6e3M6NToiY2xhc3MiO3M6MDoiIjtzOjU6InN0eWxlIjthOjEwOntzOjE2OiJiYWNrZ3JvdW5kX2NvbG9yIjthOjY6e3M6NjoiY29sb3IxIjtzOjQ6IiNmZmYiO3M6NjoiY29sb3IyIjtzOjA6IiI7czoxMzoidHJhbnNwYXJlbmN5MSI7aToxO3M6NToicmdiYTEiO3M6MjI6InJnYmEoMjU1LCAyNTUsIDI1NSwgMSkiO3M6MTM6InRyYW5zcGFyZW5jeTIiO2k6MTtzOjU6InJnYmEyIjtzOjA6IiI7fXM6MTA6ImxpbmtfY29sb3IiO3M6MDoiIjtzOjQ6ImZvbnQiO2E6NDp7czo5OiJmb250LXNpemUiO3M6MDoiIjtzOjExOiJmb250LWZhbWlseSI7czowOiIiO3M6Njoid2VpZ2h0IjtzOjA6IiI7czo1OiJjb2xvciI7czowOiIiO31zOjEwOiJ2aWRlb190eXBlIjtzOjY6ImN1c3RvbSI7czoxMzoiY29udGVudF9hbGlnbiI7czozOiJ0b3AiO3M6MTA6InJvd19oZWlnaHQiO3M6MDoiIjtzOjQ6InRleHQiO3M6NDoiYXV0byI7czoxMToicm93X3BhZGRpbmciO3M6NjoiY3VzdG9tIjtzOjEwOiJtYXJnaW5fdG9wIjtzOjA6IiI7czoxMzoibWFyZ2luX2JvdHRvbSI7czowOiIiO31zOjc6ImNvbnRlbnQiO2E6MTp7aTowO2E6Mzp7czo0OiJ0eXBlIjtzOjc6ImNvbC1vbmUiO3M6NToiY2xhc3MiO3M6MDoiIjtzOjc6ImNvbnRlbnQiO2E6Mzp7aTowO2E6Mjp7czo0OiJ0eXBlIjtzOjU6InRhYmxlIjtzOjU6InN0eWxlIjthOjc6e3M6NToibGluZXMiO2E6NTp7aTowO2E6Mjp7czo1OiJ0aXRsZSI7czo3OiJSb3ptxJtyIjtzOjQ6InRleHQiO3M6MTk6IjYwMCB4IDQwMCB4IDExNSBtbSoiO31pOjE7YToyOntzOjU6InRpdGxlIjtzOjk6Ikhtb3Rub3N0ICI7czo0OiJ0ZXh0IjtzOjg6IjEsNzUga2cqIjt9aToyO2E6Mjp7czo1OiJ0aXRsZSI7czoxODoiRHluYW1pY2vDoSBub3Nub3N0IjtzOjQ6InRleHQiO3M6NzoiMzAwIGtnKiI7fWk6MzthOjI6e3M6NToidGl0bGUiO3M6MTc6IlN0YXRpY2vDoSBub3Nub3N0IjtzOjQ6InRleHQiO3M6NzoiNjAwIGtnKiI7fWk6NDthOjI6e3M6NToidGl0bGUiO3M6MTg6IlJlZ8OhbG92w6Egbm9zbm9zdCI7czo0OiJ0ZXh0IjtzOjU6Ii0ga2cqIjt9fXM6NToid2lkdGgiO2E6Mjp7czo0OiJzaXplIjtzOjI6IjQwIjtzOjQ6InVuaXQiO3M6MToiJSI7fXM6NToic3R5bGUiO3M6MToiMiI7czo0OiJmb250IjthOjI6e3M6OToiZm9udC1zaXplIjtzOjA6IiI7czo1OiJjb2xvciI7czowOiIiO31zOjQ6Im13MzAiO3M6MToiMSI7czo3OiJjb250ZW50IjtzOjA6IiI7czoxMDoidGV4dF9hbGlnbiI7czo0OiJsZWZ0Ijt9fWk6MTthOjI6e3M6NDoidHlwZSI7czo0OiJ0ZXh0IjtzOjU6InN0eWxlIjthOjY6e3M6NDoiZm9udCI7YTo1OntzOjk6ImZvbnQtc2l6ZSI7czowOiIiO3M6MTE6ImZvbnQtZmFtaWx5IjtzOjA6IiI7czo2OiJ3ZWlnaHQiO3M6MDoiIjtzOjExOiJsaW5lLWhlaWdodCI7czowOiIiO3M6NToiY29sb3IiO3M6MDoiIjt9czoyOiJsaSI7czowOiIiO3M6NToic3R5bGUiO3M6MToiMSI7czoxODoicC1iYWNrZ3JvdW5kLWNvbG9yIjthOjM6e3M6NjoiY29sb3IxIjtzOjc6IiNlOGU4ZTgiO3M6MTM6InRyYW5zcGFyZW5jeTEiO3M6MToiMSI7czo1OiJyZ2JhMSI7czoxOToicmdiYSgyMzIsMjMyLDIzMiwxKSI7fXM6NDoibXczMCI7czoxOiIxIjtzOjc6ImNvbnRlbnQiO3M6NzM6IjxwPiogUm96ZCZpYWN1dGU7bG4mYWFjdXRlOyBob2Rub3RhLCBkbGUgenZvbGVuJmVhY3V0ZTtobyB0eXB1IHBhbGV0eTwvcD4iO319aToyO2E6Mzp7czo0OiJ0eXBlIjtzOjY6ImJ1dHRvbiI7czo1OiJzdHlsZSI7YToyMDp7czo3OiJjb250ZW50IjtzOjI2OiJQb3B0w6F2a2EgcGxhc3RvdsOpIHBhbGV0eSI7czo3OiJzdWJ0ZXh0IjtzOjA6IiI7czo1OiJhbGlnbiI7czo2OiJjZW50ZXIiO3M6NDoic2hvdyI7czo1OiJwb3B1cCI7czo0OiJsaW5rIjthOjI6e3M6NDoicGFnZSI7czowOiIiO3M6NDoibGluayI7czowOiIiO31zOjU6InBvcHVwIjtzOjM6IjcyNyI7czoxMjoiYnV0dG9uX3N0eWxlIjthOjQ6e3M6NToic3R5bGUiO3M6MTM6ImN1c3RvbV9idXR0b24iO3M6MTQ6ImN1c3RvbV9zZXR0aW5nIjthOjEzOntzOjU6InN0eWxlIjtzOjE6IjEiO3M6MTY6ImJhY2tncm91bmRfY29sb3IiO2E6Nzp7czo2OiJjb2xvcjEiO3M6NzoiIzk0MDkwOSI7czoxMzoidHJhbnNwYXJlbmN5MSI7czoxOiIxIjtzOjU6InJnYmExIjtzOjE4OiJyZ2JhKDE0OCwgOSwgOSwgMSkiO3M6NjoiY29sb3IyIjtzOjc6IiM5NDA5MDkiO3M6MTM6InRyYW5zcGFyZW5jeTIiO3M6MToiMSI7czo1OiJyZ2JhMiI7czoxODoicmdiYSgxNDgsIDksIDksIDEpIjtzOjg6ImdyYWRpZW50IjtzOjE6IjEiO31zOjEwOiJmb250LWNvbG9yIjtzOjc6IiNmZmZmZmYiO3M6NjoiY29ybmVyIjtzOjE6IjUiO3M6MTQ6ImhlaWdodF9wYWRkaW5nIjtzOjM6IjAuNCI7czoxMzoid2lkdGhfcGFkZGluZyI7czozOiIxLjIiO3M6NDoiZm9udCI7YToyOntzOjExOiJmb250LWZhbWlseSI7czowOiIiO3M6Njoid2VpZ2h0IjtzOjA6IiI7fXM6MTI6ImJvcmRlci1jb2xvciI7czowOiIiO3M6MTI6ImJvcmRlcl93aWR0aCI7czowOiIiO3M6MTI6ImhvdmVyX2VmZmVjdCI7czowOiIiO3M6MTE6ImhvdmVyX2NvbG9yIjthOjY6e3M6NjoiY29sb3IxIjtzOjA6IiI7czoxMzoidHJhbnNwYXJlbmN5MSI7czoxOiIxIjtzOjU6InJnYmExIjtzOjA6IiI7czo2OiJjb2xvcjIiO3M6MDoiIjtzOjEzOiJ0cmFuc3BhcmVuY3kyIjtzOjE6IjEiO3M6NToicmdiYTIiO3M6MDoiIjt9czoxNjoiaG92ZXJfZm9udF9jb2xvciI7czowOiIiO3M6MTg6ImJvcmRlcl9ob3Zlci1jb2xvciI7czowOiIiO31zOjExOiJidXR0b25fc2l6ZSI7czo2OiJjdXN0b20iO3M6MTE6ImN1c3RvbV9zaXplIjtzOjI6IjIzIjt9czo0OiJpY29uIjthOjQ6e3M6NDoiaWNvbiI7czo4OiJkb3dubG9hZCI7czo0OiJjb2RlIjtzOjE2OToiPHN2ZyByb2xlPSJpbWciPjx1c2UgeGxpbms6aHJlZj0iaHR0cHM6Ly93d3cuc2xpcHNoZWV0LnNrL3dwLWNvbnRlbnQvdGhlbWVzL21pb3dlYjMvbW9kdWxlcy92aXN1YWxlZGl0b3IvaW1hZ2VzL2ljb25zL2ZlYXRoZXIvc3ltYm9sLWRlZnMuc3ZnI2ljb24tZG93bmxvYWQiPjwvdXNlPjwvc3ZnPiI7czo4OiJpY29uX3NldCI7czo3OiJmZWF0aGVyIjtzOjM6InRhYiI7czo0OiJpY29uIjt9czo5OiJpY29uX3NpemUiO3M6MzoiMS4xIjtzOjEwOiJpY29uX2FsaWduIjtzOjQ6ImxlZnQiO3M6NToidGV4dDIiO3M6MTU6IlRleHQgdGxhxI3DrXRrYSI7czo4OiJzdWJ0ZXh0MiI7czowOiIiO3M6NToic2hvdzIiO3M6MzoidXJsIjtzOjU6ImxpbmsyIjthOjI6e3M6NDoicGFnZSI7czowOiIiO3M6NDoibGluayI7czowOiIiO31zOjY6InBvcHVwMiI7czowOiIiO3M6MTM6ImJ1dHRvbl9zdHlsZTIiO2E6NDp7czo1OiJzdHlsZSI7czoxMzoiY3VzdG9tX2J1dHRvbiI7czoxNDoiY3VzdG9tX3NldHRpbmciO2E6MTM6e3M6NToic3R5bGUiO3M6MToiMSI7czoxNjoiYmFja2dyb3VuZF9jb2xvciI7YTo3OntzOjY6ImNvbG9yMSI7czo3OiIjZmZkZTIxIjtzOjEzOiJ0cmFuc3BhcmVuY3kxIjtzOjE6IjEiO3M6NToicmdiYTEiO3M6MjE6InJnYmEoMjU1LCAyMjIsIDMzLCAxKSI7czo2OiJjb2xvcjIiO3M6NzoiI2ZmY2MwMCI7czoxMzoidHJhbnNwYXJlbmN5MiI7czoxOiIxIjtzOjU6InJnYmEyIjtzOjIwOiJyZ2JhKDI1NSwgMjA0LCAwLCAxKSI7czo4OiJncmFkaWVudCI7czoxOiIxIjt9czoxMDoiZm9udC1jb2xvciI7czo3OiIjMmIyYjJiIjtzOjY6ImNvcm5lciI7czoxOiIwIjtzOjE0OiJoZWlnaHRfcGFkZGluZyI7czozOiIwLjUiO3M6MTM6IndpZHRoX3BhZGRpbmciO3M6MzoiMS4yIjtzOjQ6ImZvbnQiO2E6Mjp7czoxMToiZm9udC1mYW1pbHkiO3M6MDoiIjtzOjY6IndlaWdodCI7czowOiIiO31zOjEyOiJib3JkZXItY29sb3IiO3M6MDoiIjtzOjEyOiJib3JkZXJfd2lkdGgiO3M6MDoiIjtzOjEyOiJob3Zlcl9lZmZlY3QiO3M6NzoibGlnaHRlciI7czoxMToiaG92ZXJfY29sb3IiO2E6Njp7czo2OiJjb2xvcjEiO3M6MDoiIjtzOjEzOiJ0cmFuc3BhcmVuY3kxIjtzOjE6IjEiO3M6NToicmdiYTEiO3M6MDoiIjtzOjY6ImNvbG9yMiI7czowOiIiO3M6MTM6InRyYW5zcGFyZW5jeTIiO3M6MToiMSI7czo1OiJyZ2JhMiI7czowOiIiO31zOjE2OiJob3Zlcl9mb250X2NvbG9yIjtzOjA6IiI7czoxODoiYm9yZGVyX2hvdmVyLWNvbG9yIjtzOjA6IiI7fXM6MTE6ImJ1dHRvbl9zaXplIjtzOjY6ImN1c3RvbSI7czoxMToiY3VzdG9tX3NpemUiO3M6MjoiMzAiO31zOjU6Imljb24yIjthOjQ6e3M6NDoiaWNvbiI7czo4OiJkb3dubG9hZCI7czo0OiJjb2RlIjtzOjE2OToiPHN2ZyByb2xlPSJpbWciPjx1c2UgeGxpbms6aHJlZj0iaHR0cHM6Ly93d3cuc2xpcHNoZWV0LnNrL3dwLWNvbnRlbnQvdGhlbWVzL21pb3dlYjMvbW9kdWxlcy92aXN1YWxlZGl0b3IvaW1hZ2VzL2ljb25zL2ZlYXRoZXIvc3ltYm9sLWRlZnMuc3ZnI2ljb24tZG93bmxvYWQiPjwvdXNlPjwvc3ZnPiI7czo4OiJpY29uX3NldCI7czo3OiJmZWF0aGVyIjtzOjM6InRhYiI7czo0OiJpY29uIjt9czoxMDoiaWNvbl9zaXplMiI7czozOiIxLjEiO3M6MTE6Imljb25fYWxpZ24yIjtzOjQ6ImxlZnQiO3M6NDoibXczMCI7czoxOiIxIjt9czo2OiJjb25maWciO2E6MTA6e3M6MTA6Im1hcmdpbl90b3AiO3M6MDoiIjtzOjY6InRhYmxldCI7YTozOntzOjEwOiJtYXJnaW5fdG9wIjtzOjA6IiI7czoxMzoibWFyZ2luX2JvdHRvbSI7czowOiIiO3M6OToibWF4X3dpZHRoIjtzOjA6IiI7fXM6NjoibW9iaWxlIjthOjM6e3M6MTA6Im1hcmdpbl90b3AiO3M6MDoiIjtzOjEzOiJtYXJnaW5fYm90dG9tIjtzOjA6IiI7czo5OiJtYXhfd2lkdGgiO3M6MDoiIjt9czoxMzoibWFyZ2luX2JvdHRvbSI7czowOiIiO3M6OToibWF4X3dpZHRoIjtzOjA6IiI7czoxMzoiZWxlbWVudF9hbGlnbiI7czo2OiJjZW50ZXIiO3M6NzoiYW5pbWF0ZSI7czowOiIiO3M6MjoiaWQiO3M6MDoiIjtzOjU6ImNsYXNzIjtzOjA6IiI7czo1OiJkZWxheSI7czowOiIiO319fX19czo0OiJ0eXBlIjtzOjU6ImJhc2ljIjt9fQ==<\/p>\n","protected":false},"excerpt":{"rendered":"<p>Spole\u010dnost Sopack s.r.o. je spolehliv\u00fdm distributorem plastov\u00fdch palet. Plastov\u00e9 palety nab\u00edz\u00edme v&nbsp;\u010cesku, Slovensku a&nbsp;Polsku<\/p>\n","protected":false},"author":1,"featured_media":0,"parent":0,"menu_order":0,"comment_status":"open","ping_status":"closed","template":"","meta":[],"_links":{"self":[{"href":"https:\/\/www.slipsheet.sk\/index.php\/wp-json\/wp\/v2\/pages\/537"}],"collection":[{"href":"https:\/\/www.slipsheet.sk\/index.php\/wp-json\/wp\/v2\/pages"}],"about":[{"href":"https:\/\/www.slipsheet.sk\/index.php\/wp-json\/wp\/v2\/types\/page"}],"author":[{"embeddable":true,"href":"https:\/\/www.slipsheet.sk\/index.php\/wp-json\/wp\/v2\/users\/1"}],"replies":[{"embeddable":true,"href":"https:\/\/www.slipsheet.sk\/index.php\/wp-json\/wp\/v2\/comments?post=537"}],"version-history":[{"count":2,"href":"https:\/\/www.slipsheet.sk\/index.php\/wp-json\/wp\/v2\/pages\/537\/revisions"}],"predecessor-version":[{"id":2018,"href":"https:\/\/www.slipsheet.sk\/index.php\/wp-json\/wp\/v2\/pages\/537\/revisions\/2018"}],"wp:attachment":[{"href":"https:\/\/www.slipsheet.sk\/index.php\/wp-json\/wp\/v2\/media?parent=537"}],"curies":[{"name":"wp","href":"https:\/\/api.w.org\/{rel}","templated":true}]}}